{"id":136,"date":"2019-12-01T13:56:28","date_gmt":"2019-12-01T12:56:28","guid":{"rendered":"http:\/\/reunifedd.fr\/?page_id=136"},"modified":"2026-01-19T11:25:51","modified_gmt":"2026-01-19T10:25:51","slug":"espace-de-depot","status":"publish","type":"page","link":"https:\/\/reunifedd.fr\/index.php\/espace-de-depot\/","title":{"rendered":"Espace de d\u00e9p\u00f4t"},"content":{"rendered":"\n<p>Cette partie est en cours de restructuration pour distinguer une partie PUBLIQUE d&rsquo;une partie uniquement r\u00e9serv\u00e9e aux adh\u00e9rents du R\u00e9UniFEDD.<\/p>\n","protected":false},"excerpt":{"rendered":"<p>Cette partie est en cours de restructuration pour distinguer une partie PUBLIQUE d&rsquo;une partie uniquement r\u00e9serv\u00e9e aux adh\u00e9rents du R\u00e9UniFEDD.<\/p>\n","protected":false},"author":2,"featured_media":0,"parent":0,"menu_order":0,"comment_status":"closed","ping_status":"closed","template":"","meta":{"footnotes":""},"class_list":["post-136","page","type-page","status-publish","hentry"],"_links":{"self":[{"href":"https:\/\/reunifedd.fr\/index.php\/wp-json\/wp\/v2\/pages\/136","targetHints":{"allow":["GET"]}}],"collection":[{"href":"https:\/\/reunifedd.fr\/index.php\/wp-json\/wp\/v2\/pages"}],"about":[{"href":"https:\/\/reunifedd.fr\/index.php\/wp-json\/wp\/v2\/types\/page"}],"author":[{"embeddable":true,"href":"https:\/\/reunifedd.fr\/index.php\/wp-json\/wp\/v2\/users\/2"}],"replies":[{"embeddable":true,"href":"https:\/\/reunifedd.fr\/index.php\/wp-json\/wp\/v2\/comments?post=136"}],"version-history":[{"count":3,"href":"https:\/\/reunifedd.fr\/index.php\/wp-json\/wp\/v2\/pages\/136\/revisions"}],"predecessor-version":[{"id":1375,"href":"https:\/\/reunifedd.fr\/index.php\/wp-json\/wp\/v2\/pages\/136\/revisions\/1375"}],"wp:attachment":[{"href":"https:\/\/reunifedd.fr\/index.php\/wp-json\/wp\/v2\/media?parent=136"}],"curies":[{"name":"wp","href":"https:\/\/api.w.org\/{rel}","templated":true}]}}