{"id":138,"date":"2019-12-01T13:56:51","date_gmt":"2019-12-01T12:56:51","guid":{"rendered":"http:\/\/reunifedd.fr\/?page_id=138"},"modified":"2020-05-25T16:58:25","modified_gmt":"2020-05-25T14:58:25","slug":"espace-public","status":"publish","type":"page","link":"https:\/\/reunifedd.fr\/index.php\/espace-public\/","title":{"rendered":"Espace public"},"content":{"rendered":"\n<p class=\"has-background has-small-font-size has-pale-cyan-blue-background-color\">1er S\u00e9minaire ouvert:  Ce 1<sup>er<\/sup> s\u00e9minaire bibliographique \u00e0 pour objectif de partager des lectures auxquelles tout le monde n&rsquo;a pas acc\u00e8s actuellement , de r\u00e9fl\u00e9chir et lancer une dynamique de mutualisation des lectures.Les ouvrages de Georges Marshall (Le syndrome  de l\u2019autruche), S\u00e9bastien Bohler (Le bug humain), d\u2019Albert Moukheiber  (Votre cerveau vous joue des tours), Christian Morel (Les d\u00e9cisions  absurdes) et Hans Rosling (FactFullNess) avec quelques r\u00e9f\u00e9rences autres seront pr\u00e9sent\u00e9es  Le 4\u00e8me sera consacr\u00e9 \u00e0 3 propositions de jeunes coll\u00e8gues. POUR SUIVRE les 4 Webinaires de ce 1er s\u00e9minaire cliquez sur le lien suivant qui vous permettra d&rsquo;acc\u00e9der aux r\u00e9sum\u00e9s en amont, aux pr\u00e9sentations et aux vid\u00e9os en aval.<a href=\"http:\/\/reunifedd.fr\/index.php\/1er-seminaire-reunifedd\/\"><strong>http:\/\/reunifedd.fr\/index.php\/1er-seminaire-reunifedd\/<\/strong><\/a><\/p>\n\n\n\n<p><\/p>\n\n\n\n<p class=\"has-background has-small-font-size has-very-light-gray-background-color\"><strong>4\u00e8me webinaire<\/strong> \u00e0 venir sur ce s\u00e9minaire&#8230;..le  jeudi 28 Mai 2020 \u00e0 17h&#8230;.<a rel=\"noreferrer noopener\" href=\"https:\/\/us02web.zoom.us\/j\/87997352602?pwd=RWpWM1pZZE85U2I4VUFtazlkRXBwdz09\" target=\"_blank\">https:\/\/us02web.zoom.us\/j\/87997352602?pwd=RWpWM1pZZE85U2I4VUFtazlkRXBwdz09<\/a> mot de passe \u00a0\u00a0\u00a0 <strong>4Feqan<\/strong>  NB les ressources mises en ligne juste en amont des Webinaires basculeront dans l&rsquo;esp\u00e8ce priv\u00e9 adh\u00e9rents R\u00e9UniFEDD au terme de chaque s\u00e9minaire.<\/p>\n\n\n\n<p class=\"has-background has-vivid-cyan-blue-background-color\">Les autres s\u00e9minaires en pr\u00e9paration seront indiqu\u00e9s en cet emplacement au fur et \u00e0 mesure de leur cr\u00e9ation&#8230;..<\/p>\n\n\n\n<p><\/p>\n\n\n\n<p class=\"has-background has-small-font-size has-pale-cyan-blue-background-color\">Autre s\u00e9minaire en cours de construction: <strong>Quels enseignements tirer de la crise actuelle? Comment vivre apr\u00e8s?<\/strong>   Il s&rsquo;agira dans ce s\u00e9minaire d&rsquo;analyser cette situation avec les cl\u00e9s de lecture de l&rsquo;EDD dans la diversit\u00e9 de ses approches (\u00e9ducation aux Risques Majeurs, \u00e9ducation \u00e0 la sant\u00e9 et aux m\u00e9dias, questions socialement vives, \u00e9ducation \u00e0 l&rsquo;incertitude ou approche comp\u00e9tences&#8230;) et de proposer \u00e0 la fois des r\u00e9flexions \u00e9pist\u00e9mologiques, didactiques ou p\u00e9dagogiques pour aller jusqu&rsquo;\u00e0 des outils op\u00e9rationnels dans la diversit\u00e9 des contextes de formation du FECODD. <em>Il nous semble difficile de ne pas nous saisir de cette question qui va bien au del\u00e0 de l&rsquo;\u00e9pid\u00e9miologie, de l&rsquo;immunologie et de la m\u00e9decine pour apporter notre regard, en allant au del\u00e0 des \u00e9vidences et lieux communs ..<\/em>Vous \u00eates invit\u00e9s \u00e0 participer&#8230; <\/p>\n\n\n\n<div class=\"wp-block-file\"><a href=\"http:\/\/reunifedd.fr\/wp-content\/uploads\/2020\/04\/Kit-Pand\u00e9mie-ssu.pdf\">Il s&rsquo;agit d&rsquo;un premier document pr\u00e9paratoire Kit Pand\u00e9mie ssu<\/a><a href=\"http:\/\/reunifedd.fr\/wp-content\/uploads\/2020\/04\/Kit-Pand\u00e9mie-ssu.pdf\" class=\"wp-block-file__button\" download>T\u00e9l\u00e9charger<\/a><\/div>\n\n\n\n<p><\/p>\n","protected":false},"excerpt":{"rendered":"<p>1er S\u00e9minaire ouvert: Ce 1er s\u00e9minaire bibliographique \u00e0 pour objectif de partager des lectures auxquelles tout le monde n&rsquo;a pas acc\u00e8s actuellement , de r\u00e9fl\u00e9chir et lancer une dynamique de mutualisation des lectures.Les ouvrages de Georges Marshall (Le syndrome de l\u2019autruche), S\u00e9bastien Bohler (Le bug humain), d\u2019Albert Moukheiber (Votre cerveau vous joue des tours), Christian Morel (Les d\u00e9cisions absurdes) et Hans Rosling (FactFullNess) avec quelques r\u00e9f\u00e9rences autres seront pr\u00e9sent\u00e9es Le 4\u00e8me sera consacr\u00e9 \u00e0 3 propositions de jeunes coll\u00e8gues. POUR&#8230;<\/p>\n<p class=\"read-more\"><a class=\"btn btn-default\" href=\"https:\/\/reunifedd.fr\/index.php\/espace-public\/\">Lire la suite<span class=\"screen-reader-text\"> Lire la suite<\/span><\/a><\/p>\n","protected":false},"author":2,"featured_media":0,"parent":0,"menu_order":0,"comment_status":"closed","ping_status":"closed","template":"","meta":{"footnotes":""},"class_list":["post-138","page","type-page","status-publish","hentry"],"_links":{"self":[{"href":"https:\/\/reunifedd.fr\/index.php\/wp-json\/wp\/v2\/pages\/138","targetHints":{"allow":["GET"]}}],"collection":[{"href":"https:\/\/reunifedd.fr\/index.php\/wp-json\/wp\/v2\/pages"}],"about":[{"href":"https:\/\/reunifedd.fr\/index.php\/wp-json\/wp\/v2\/types\/page"}],"author":[{"embeddable":true,"href":"https:\/\/reunifedd.fr\/index.php\/wp-json\/wp\/v2\/users\/2"}],"replies":[{"embeddable":true,"href":"https:\/\/reunifedd.fr\/index.php\/wp-json\/wp\/v2\/comments?post=138"}],"version-history":[{"count":18,"href":"https:\/\/reunifedd.fr\/index.php\/wp-json\/wp\/v2\/pages\/138\/revisions"}],"predecessor-version":[{"id":438,"href":"https:\/\/reunifedd.fr\/index.php\/wp-json\/wp\/v2\/pages\/138\/revisions\/438"}],"wp:attachment":[{"href":"https:\/\/reunifedd.fr\/index.php\/wp-json\/wp\/v2\/media?parent=138"}],"curies":[{"name":"wp","href":"https:\/\/api.w.org\/{rel}","templated":true}]}}