{"id":14,"date":"2019-10-26T11:28:47","date_gmt":"2019-10-26T09:28:47","guid":{"rendered":"http:\/\/reunifedd.fr\/?page_id=14"},"modified":"2026-01-19T11:38:28","modified_gmt":"2026-01-19T10:38:28","slug":"projets-de-lassociation","status":"publish","type":"page","link":"https:\/\/reunifedd.fr\/index.php\/projets-de-lassociation\/","title":{"rendered":"Projets de l&rsquo;association"},"content":{"rendered":"\n<p>En raison de la restructuration su site, l&rsquo;onglet ci dessous sera supprim\u00e9 pour mettre tous les documents auxquels il donne acc\u00e8s en archives. Actuellement le R\u00e9UniFEDD est en train de clore le programme FECODD et de lancer le projet FREDA.<\/p>\n\n\n\n<p>Le R\u00e9UniFEDD est par ailleurs tr\u00e8s investit dans le portage du master international de formation de formateur en Education et Formation au D\u00e9veloppement Durable.<\/p>\n\n\n\n<div data-wp-interactive=\"core\/file\" class=\"wp-block-file\"><object data-wp-bind--hidden=\"!state.hasPdfPreview\" hidden class=\"wp-block-file__embed\" data=\"https:\/\/reunifedd.fr\/wp-content\/uploads\/2026\/01\/MASTER-International-de-Formation-de-Formateur-en-Education-et-Formation-au-developpement-Durable-2eme-appel.pdf\" type=\"application\/pdf\" style=\"width:100%;height:600px\" aria-label=\"Contenu embarqu\u00e9 MASTER International de Formation de Formateur en Education et Formation au d\u00e9veloppement Durable 2eme appel.\"><\/object><a id=\"wp-block-file--media-e673547e-4b86-4f41-a0ae-bc198be76fc4\" href=\"https:\/\/reunifedd.fr\/wp-content\/uploads\/2026\/01\/MASTER-International-de-Formation-de-Formateur-en-Education-et-Formation-au-developpement-Durable-2eme-appel.pdf\">MASTER International de Formation de Formateur en Education et Formation au d\u00e9veloppement Durable 2eme appel<\/a><a href=\"https:\/\/reunifedd.fr\/wp-content\/uploads\/2026\/01\/MASTER-International-de-Formation-de-Formateur-en-Education-et-Formation-au-developpement-Durable-2eme-appel.pdf\" class=\"wp-block-file__button wp-element-button\" download aria-describedby=\"wp-block-file--media-e673547e-4b86-4f41-a0ae-bc198be76fc4\">T\u00e9l\u00e9charger<\/a><\/div>\n\n\n\n<div style=\"width: 100%;\"><div style=\"position: relative; padding-bottom: 149.75%; padding-top: 0; height: 0;\"><iframe loading=\"lazy\" frameborder=\"0\" width=\"1200\" height=\"1797\" style=\"position: absolute; top: 0; left: 0; width: 100%; height: 100%;\" src=\"https:\/\/view.genial.ly\/60180fbab70f0e0da5d7756f\" type=\"text\/html\" allowscriptaccess=\"always\" allowfullscreen=\"true\" scrolling=\"yes\" allownetworking=\"all\"><\/iframe> <\/div> <\/div>\n\n\n\n<p>D&rsquo;autres projets sont en cours (Modules de formation , actions territoriales&#8230;.)<\/p>\n","protected":false},"excerpt":{"rendered":"<p>En raison de la restructuration su site, l&rsquo;onglet ci dessous sera supprim\u00e9 pour mettre tous les documents auxquels il donne acc\u00e8s en archives. Actuellement le R\u00e9UniFEDD est en train de clore le programme FECODD et de lancer le projet FREDA. Le R\u00e9UniFEDD est par ailleurs tr\u00e8s investit dans le portage du master international de formation de formateur en Education et Formation au D\u00e9veloppement Durable. D&rsquo;autres projets sont en cours (Modules de formation , actions territoriales&#8230;.)<\/p>\n","protected":false},"author":2,"featured_media":0,"parent":0,"menu_order":0,"comment_status":"closed","ping_status":"closed","template":"","meta":{"footnotes":""},"class_list":["post-14","page","type-page","status-publish","hentry"],"_links":{"self":[{"href":"https:\/\/reunifedd.fr\/index.php\/wp-json\/wp\/v2\/pages\/14","targetHints":{"allow":["GET"]}}],"collection":[{"href":"https:\/\/reunifedd.fr\/index.php\/wp-json\/wp\/v2\/pages"}],"about":[{"href":"https:\/\/reunifedd.fr\/index.php\/wp-json\/wp\/v2\/types\/page"}],"author":[{"embeddable":true,"href":"https:\/\/reunifedd.fr\/index.php\/wp-json\/wp\/v2\/users\/2"}],"replies":[{"embeddable":true,"href":"https:\/\/reunifedd.fr\/index.php\/wp-json\/wp\/v2\/comments?post=14"}],"version-history":[{"count":8,"href":"https:\/\/reunifedd.fr\/index.php\/wp-json\/wp\/v2\/pages\/14\/revisions"}],"predecessor-version":[{"id":1385,"href":"https:\/\/reunifedd.fr\/index.php\/wp-json\/wp\/v2\/pages\/14\/revisions\/1385"}],"wp:attachment":[{"href":"https:\/\/reunifedd.fr\/index.php\/wp-json\/wp\/v2\/media?parent=14"}],"curies":[{"name":"wp","href":"https:\/\/api.w.org\/{rel}","templated":true}]}}