{"id":16,"date":"2019-10-26T11:29:05","date_gmt":"2019-10-26T09:29:05","guid":{"rendered":"http:\/\/reunifedd.fr\/?page_id=16"},"modified":"2026-01-19T11:24:06","modified_gmt":"2026-01-19T10:24:06","slug":"partenaires","status":"publish","type":"page","link":"https:\/\/reunifedd.fr\/index.php\/partenaires\/","title":{"rendered":"Partenariats"},"content":{"rendered":"\n<p>Nous avons \u00e9tabli diff\u00e9rents conventions avec :<\/p>\n\n\n\n<p>des <strong>partenaires institutionnels<\/strong> : AUF. Le R\u00e9UniFEDD est depuis 2025 un r\u00e9seau AUF avec comme fonctions la gestion de la formation sur les questions d&rsquo;\u00e9ducation et de formation sur le DD, le pilotage et\/ou l&rsquo;expertise de projets EDD.<\/p>\n\n\n\n<p>des <strong>partenaires universitaires:<\/strong> Universit\u00e9s de Bondoukou, Yaound\u00e9 1 et Lubumbashi.<\/p>\n\n\n\n<p>des partenaires <strong>associatifs<\/strong>: Plateforme 21&#8230;.Autres partenariats en cours.<\/p>\n\n\n\n<p>Cette page est en cours de construction et ne peut pr\u00e9senter de fa\u00e7on exhaustive ni compl\u00e8te l&rsquo;ensemble des partenaires avec lesquels nous collaborons, mais que vous retrouverez dans les diff\u00e9rents projets FECODD et maintenant FREDA.<\/p>\n","protected":false},"excerpt":{"rendered":"<p>Nous avons \u00e9tabli diff\u00e9rents conventions avec : des partenaires institutionnels : AUF. Le R\u00e9UniFEDD est depuis 2025 un r\u00e9seau AUF avec comme fonctions la gestion de la formation sur les questions d&rsquo;\u00e9ducation et de formation sur le DD, le pilotage et\/ou l&rsquo;expertise de projets EDD. des partenaires universitaires: Universit\u00e9s de Bondoukou, Yaound\u00e9 1 et Lubumbashi. des partenaires associatifs: Plateforme 21&#8230;.Autres partenariats en cours. Cette page est en cours de construction et ne peut pr\u00e9senter de fa\u00e7on exhaustive ni compl\u00e8te l&rsquo;ensemble&#8230;<\/p>\n<p class=\"read-more\"><a class=\"btn btn-default\" href=\"https:\/\/reunifedd.fr\/index.php\/partenaires\/\">Lire la suite<span class=\"screen-reader-text\"> Lire la suite<\/span><\/a><\/p>\n","protected":false},"author":2,"featured_media":0,"parent":0,"menu_order":0,"comment_status":"closed","ping_status":"closed","template":"","meta":{"footnotes":""},"class_list":["post-16","page","type-page","status-publish","hentry"],"_links":{"self":[{"href":"https:\/\/reunifedd.fr\/index.php\/wp-json\/wp\/v2\/pages\/16","targetHints":{"allow":["GET"]}}],"collection":[{"href":"https:\/\/reunifedd.fr\/index.php\/wp-json\/wp\/v2\/pages"}],"about":[{"href":"https:\/\/reunifedd.fr\/index.php\/wp-json\/wp\/v2\/types\/page"}],"author":[{"embeddable":true,"href":"https:\/\/reunifedd.fr\/index.php\/wp-json\/wp\/v2\/users\/2"}],"replies":[{"embeddable":true,"href":"https:\/\/reunifedd.fr\/index.php\/wp-json\/wp\/v2\/comments?post=16"}],"version-history":[{"count":5,"href":"https:\/\/reunifedd.fr\/index.php\/wp-json\/wp\/v2\/pages\/16\/revisions"}],"predecessor-version":[{"id":1373,"href":"https:\/\/reunifedd.fr\/index.php\/wp-json\/wp\/v2\/pages\/16\/revisions\/1373"}],"wp:attachment":[{"href":"https:\/\/reunifedd.fr\/index.php\/wp-json\/wp\/v2\/media?parent=16"}],"curies":[{"name":"wp","href":"https:\/\/api.w.org\/{rel}","templated":true}]}}