{"id":24,"date":"2019-10-26T11:31:43","date_gmt":"2019-10-26T09:31:43","guid":{"rendered":"http:\/\/reunifedd.fr\/?page_id=24"},"modified":"2026-01-19T11:40:34","modified_gmt":"2026-01-19T10:40:34","slug":"organisation","status":"publish","type":"page","link":"https:\/\/reunifedd.fr\/index.php\/organisation\/","title":{"rendered":"Adh\u00e9rer"},"content":{"rendered":"\n<p>Cette partie est compl\u00e8te RESTRUCTURATION et sera actualis\u00e9e pour le mois de FEVRIER 2026 (comme tout le site du R\u00e9UniFEDD)<\/p>\n\n\n\n<p>L&rsquo;association se compose :<\/p>\n\n\n\n<ul class=\"wp-block-list\">\n<li>De <strong>membres actifs<\/strong>.<br> Les membres actifs sont les personnes, physiques ou morales, de l\u2019<strong>enseignement  sup\u00e9rieur<\/strong> en activit\u00e9 ou retrait\u00e9s, des <strong>formateurs <\/strong>et\/ou <strong>chercheurs <\/strong>dans le secteur des <strong>associations<\/strong>, des <strong>collectivit\u00e9s <\/strong>ou des <strong>entreprises <\/strong>impliqu\u00e9es dans les activit\u00e9s d\u00e9velopp\u00e9es par  l&rsquo;association. Par extension les <strong>coll\u00e8gues professionnels<\/strong> partenaires des actions men\u00e9es dans l&rsquo;enseignement sup\u00e9rieur (enseignants).<\/li>\n<\/ul>\n\n\n\n<p class=\"has-text-align-left\"><strong>Les \u00e9volutions en cours: <\/strong><em>le r\u00e9seau s\u2019ouvre  (CA d&rsquo;Octobre 2019) aux coll\u00e8gues des associations, des \u00c9coles Normales Sup\u00e9rieures et assimil\u00e9es \u00e0 l&rsquo;international, aux doctorants engag\u00e9s dans la recherche ou dans tout autre projet ou action en lien avec les Objectifs du R\u00e9UniFEDD.  Un \u00e9tudiant y compris de Master int\u00e9gr\u00e9 dans un projet, s\u2019il travaille avec un universitaire ou un membre actif du r\u00e9seau ou s\u2019il est engag\u00e9 dans une recherche action, formation appliqu\u00e9e ou autre t\u00e2che \u00e0 lui confi\u00e9e par le R\u00e9UniFEDD peut int\u00e9grer le r\u00e9seau. Dans l\u2019ensemble, le r\u00e9seau reste ouvert \u00e0 toute personne de qualit\u00e9 ou jug\u00e9e comme telle apr\u00e8s qu\u2019il en ait fait la demande au bureau qui lui s\u2019engage \u00e0 \u00e9tudier sa candidature et \u00e0 donner suite \u00e0 sa demande dans une semaine calendaire. La demande d\u2019adh\u00e9sion doit \u00eatre motiv\u00e9e et argument\u00e9e. <\/em><\/p>\n\n\n\n<ul class=\"wp-block-list\">\n<li>De membres <strong>bienfaiteurs<\/strong>.<br> Ce sont les personnes physiques ou morales qui ont apport\u00e9 une contribution financi\u00e8re  importante \u00e0 l&rsquo;association, ou qui ont accept\u00e9 de payer une cotisation \u00e9gale \u00e0 au moins  10 fois le montant de la cotisation annuelle.  Sont \u00e9galement membres bienfaiteurs, les personnes ayant consenti un apport mobilier  ou immobilier \u00e0 l&rsquo;association.<\/li>\n\n\n\n<li><em><strong>NB:  les informations ci dessus sont applicables \u00e0 partir de Janvier2020.<\/strong><\/em><\/li>\n<\/ul>\n\n\n\n<div class=\"wp-block-file\"><a href=\"http:\/\/reunifedd.fr\/wp-content\/uploads\/2019\/11\/R\u00e9sum\u00e9-du-CA-R\u00e9UniFEDD-\u00e0-destination-des-adh\u00e9rents.pdf\">R\u00e9sum\u00e9 du CA R\u00e9UniFEDD \u00e0 destination des adh\u00e9rents<\/a><a href=\"http:\/\/reunifedd.fr\/wp-content\/uploads\/2019\/11\/R\u00e9sum\u00e9-du-CA-R\u00e9UniFEDD-\u00e0-destination-des-adh\u00e9rents.pdf\" class=\"wp-block-file__button wp-element-button\" download>T\u00e9l\u00e9charger<\/a><\/div>\n\n\n\n<p>ADH\u00c9RER au R\u00e9UniFEDD : t\u00e9l\u00e9charger le bulletin d&rsquo;adh\u00e9sion <\/p>\n\n\n\n<div class=\"wp-block-file\"><a id=\"wp-block-file--media-c0b233dc-3727-439f-a313-6c48dd6314d0\" href=\"https:\/\/reunifedd.fr\/wp-content\/uploads\/2026\/01\/Bulletin-Adhesion-ReUniFEDD-2026.docx\">Bulletin-Adh\u00e9sion R\u00e9UniFEDD 2026<\/a><a href=\"https:\/\/reunifedd.fr\/wp-content\/uploads\/2026\/01\/Bulletin-Adhesion-ReUniFEDD-2026.docx\" class=\"wp-block-file__button wp-element-button\" download aria-describedby=\"wp-block-file--media-c0b233dc-3727-439f-a313-6c48dd6314d0\">T\u00e9l\u00e9charger<\/a><\/div>\n\n\n\n<p>POUR ADHERER au R\u00e9UniFEDD en ligne, cliquez sur le lien ci dessous ,<\/p>\n\n\n\n<p> <a href=\"https:\/\/reunifedd-1.s2.yapla.com\/fr\/\">https:\/\/reunifedd-1.s2.yapla.com\/fr\/<\/a><\/p>\n\n\n\n<p>QUELQUES CONSEILS CEPENDANT:<\/p>\n\n\n\n<p>Ne proc\u00e9dez \u00e0 votre inscription qu&rsquo;apres avoir \u00e9chang\u00e9 avec le CA du R\u00e9UniFEDD (contact didier.mulnet@uca.fr) ou un membre du R\u00e9UniFEDD<\/p>\n\n\n\n<p>Lorsque vous utilisez Yapla, vous pouvez payer  en ligne mais aussi contribuer au fonctionnement de Yapla si vous le souhaitez (aucune obligation bien sur). <\/p>\n\n\n\n<p><\/p>\n\n\n\n<p><\/p>\n","protected":false},"excerpt":{"rendered":"<p>Cette partie est compl\u00e8te RESTRUCTURATION et sera actualis\u00e9e pour le mois de FEVRIER 2026 (comme tout le site du R\u00e9UniFEDD) L&rsquo;association se compose : Les \u00e9volutions en cours: le r\u00e9seau s\u2019ouvre (CA d&rsquo;Octobre 2019) aux coll\u00e8gues des associations, des \u00c9coles Normales Sup\u00e9rieures et assimil\u00e9es \u00e0 l&rsquo;international, aux doctorants engag\u00e9s dans la recherche ou dans tout autre projet ou action en lien avec les Objectifs du R\u00e9UniFEDD. Un \u00e9tudiant y compris de Master int\u00e9gr\u00e9 dans un projet, s\u2019il travaille avec un&#8230;<\/p>\n<p class=\"read-more\"><a class=\"btn btn-default\" href=\"https:\/\/reunifedd.fr\/index.php\/organisation\/\">Lire la suite<span class=\"screen-reader-text\"> Lire la suite<\/span><\/a><\/p>\n","protected":false},"author":2,"featured_media":0,"parent":0,"menu_order":0,"comment_status":"closed","ping_status":"closed","template":"","meta":{"footnotes":""},"class_list":["post-24","page","type-page","status-publish","hentry"],"_links":{"self":[{"href":"https:\/\/reunifedd.fr\/index.php\/wp-json\/wp\/v2\/pages\/24","targetHints":{"allow":["GET"]}}],"collection":[{"href":"https:\/\/reunifedd.fr\/index.php\/wp-json\/wp\/v2\/pages"}],"about":[{"href":"https:\/\/reunifedd.fr\/index.php\/wp-json\/wp\/v2\/types\/page"}],"author":[{"embeddable":true,"href":"https:\/\/reunifedd.fr\/index.php\/wp-json\/wp\/v2\/users\/2"}],"replies":[{"embeddable":true,"href":"https:\/\/reunifedd.fr\/index.php\/wp-json\/wp\/v2\/comments?post=24"}],"version-history":[{"count":17,"href":"https:\/\/reunifedd.fr\/index.php\/wp-json\/wp\/v2\/pages\/24\/revisions"}],"predecessor-version":[{"id":1387,"href":"https:\/\/reunifedd.fr\/index.php\/wp-json\/wp\/v2\/pages\/24\/revisions\/1387"}],"wp:attachment":[{"href":"https:\/\/reunifedd.fr\/index.php\/wp-json\/wp\/v2\/media?parent=24"}],"curies":[{"name":"wp","href":"https:\/\/api.w.org\/{rel}","templated":true}]}}