{"id":30,"date":"2023-01-26T11:32:54","date_gmt":"2023-01-26T10:32:54","guid":{"rendered":"http:\/\/reunifedd.fr\/?page_id=30"},"modified":"2024-05-29T16:47:42","modified_gmt":"2024-05-29T14:47:42","slug":"clermont-ferrand","status":"publish","type":"page","link":"https:\/\/reunifedd.fr\/index.php\/clermont-ferrand\/","title":{"rendered":"Colloque FECODD Juillet 2024"},"content":{"rendered":"\n<p class=\"has-black-color has-light-green-cyan-background-color has-text-color has-background\"><strong>Vous trouverez ci dessous les pr\u00e9sentations de l&rsquo;appel a communication FORMER AU MONDE DE DEMAIN. \u00c9duquer \u00e0 la durabilit\u00e9 pour <em>trans<\/em>-former en commun. Jeudi 6 et vendredi 7 juillet 2023 \u00e0 l\u2019INSP\u00c9 de Clermont-Ferrand (FRANCE)<\/strong> sous un format podcast court puis plus long, puis sous forme vid\u00e9o en vous expliquant toutes les \u00e9tapes de la communication et inscription pour ce colloque.<\/p>\n\n\n\n<div class=\"wp-block-file\"><a href=\"http:\/\/reunifedd.fr\/wp-content\/uploads\/2023\/03\/Podcast-presentation-du-colloque-forme-au-monde-de-demain.mp3\">Podcast de pr\u00e9sentation courte du colloque forme au monde de demain (6min30 )<\/a><a href=\"http:\/\/reunifedd.fr\/wp-content\/uploads\/2023\/03\/Podcast-presentation-du-colloque-forme-au-monde-de-demain.mp3\" class=\"wp-block-file__button\" download>T\u00e9l\u00e9charger<\/a><\/div>\n\n\n\n<figure class=\"wp-block-audio\"><audio controls src=\"http:\/\/reunifedd.fr\/wp-content\/uploads\/2023\/03\/Podcast-presentation-du-colloque-forme-au-monde-de-demain.mp3\"><\/audio><\/figure>\n\n\n\n<p>Le PORTRAIT DU COLLOQUE en 20 minutes.<\/p>\n\n\n\n<figure class=\"wp-block-audio\"><audio controls src=\"http:\/\/reunifedd.fr\/wp-content\/uploads\/2023\/04\/PORTRAIT-COLLOQUE.mp3\"><\/audio><\/figure>\n\n\n\n<figure class=\"wp-block-table alignleft\"><table><tbody><tr><td> La vid\u00e9o de PR\u00c9SENTATION de l&rsquo;appel \u00e0 Communication Former au monde de demain 2023\u00a0: \u00c9duquer \u00e0 la durabilit\u00e9 pour <em>trans<\/em>-former en commun peut \u00eatre consult\u00e9e pour faire le lien entre le colloque 2023 et 2024, comprendre comment d\u00e9poser sa communication (expliqu\u00e9 \u00e0 la fin de cette vid\u00e9o).<br>NOTRE CONSEIL: <strong>Visionnez cette vid\u00e9o ou TOUT vous est expliqu\u00e9<\/strong>, en cliquant sur le lien : <a href=\"https:\/\/youtu.be\/mZzMd26OuAc\">https:\/\/youtu.be\/mZzMd26OuAc<\/a> <\/td><\/tr><\/tbody><\/table><\/figure>\n\n\n\n<p>Pour visualiser l&rsquo;appel \u00e0 projet faites d\u00e9rouler l&rsquo;appel \u00e0 communication<\/p>\n\n\n\n<p><\/p>\n\n\n\n<figure class=\"wp-block-image size-large\"><img loading=\"lazy\" decoding=\"async\" width=\"1024\" height=\"707\" src=\"http:\/\/reunifedd.fr\/wp-content\/uploads\/2024\/05\/former-au-monde-de-demain-2024-1024x707.jpg\" alt=\"\" class=\"wp-image-1227\" srcset=\"https:\/\/reunifedd.fr\/wp-content\/uploads\/2024\/05\/former-au-monde-de-demain-2024-1024x707.jpg 1024w, https:\/\/reunifedd.fr\/wp-content\/uploads\/2024\/05\/former-au-monde-de-demain-2024-300x207.jpg 300w, https:\/\/reunifedd.fr\/wp-content\/uploads\/2024\/05\/former-au-monde-de-demain-2024-768x531.jpg 768w, https:\/\/reunifedd.fr\/wp-content\/uploads\/2024\/05\/former-au-monde-de-demain-2024-391x270.jpg 391w, https:\/\/reunifedd.fr\/wp-content\/uploads\/2024\/05\/former-au-monde-de-demain-2024.jpg 1430w\" sizes=\"auto, (max-width: 1024px) 100vw, 1024px\" \/><\/figure>\n\n\n\n<div data-wp-interactive=\"core\/file\" class=\"wp-block-file\"><object data-wp-bind--hidden=\"!state.hasPdfPreview\" hidden class=\"wp-block-file__embed\" data=\"http:\/\/reunifedd.fr\/wp-content\/uploads\/2024\/05\/Colloque-former-au-monde-demain-2024.pdf\" type=\"application\/pdf\" style=\"width:100%;height:600px\" aria-label=\"Contenu embarqu\u00e9 Contenu embarqu\u00e9 Colloque-former-au-monde-demain-2024..\"><\/object><a href=\"http:\/\/reunifedd.fr\/wp-content\/uploads\/2024\/05\/Colloque-former-au-monde-demain-2024.pdf\">Colloque-former-au-monde-demain-2024<\/a><a href=\"http:\/\/reunifedd.fr\/wp-content\/uploads\/2024\/05\/Colloque-former-au-monde-demain-2024.pdf\" class=\"wp-block-file__button\" download><\/a><\/div>\n\n\n\n<div data-wp-interactive=\"core\/file\" class=\"wp-block-file\"><object data-wp-bind--hidden=\"!state.hasPdfPreview\" hidden class=\"wp-block-file__embed\" data=\"http:\/\/reunifedd.fr\/wp-content\/uploads\/2024\/05\/flyer-colloque-former-au-monde-de-demain-2024.pdf\" type=\"application\/pdf\" style=\"width:100%;height:600px\" aria-label=\"Contenu embarqu\u00e9 Contenu embarqu\u00e9 flyer-colloque-former-au-monde-de-demain-2024..\"><\/object><a href=\"http:\/\/reunifedd.fr\/wp-content\/uploads\/2024\/05\/flyer-colloque-former-au-monde-de-demain-2024.pdf\">flyer-colloque-former-au-monde-de-demain-2024<\/a><a href=\"http:\/\/reunifedd.fr\/wp-content\/uploads\/2024\/05\/flyer-colloque-former-au-monde-de-demain-2024.pdf\" class=\"wp-block-file__button\" download>T\u00e9l\u00e9charger<\/a><\/div>\n\n\n\n<p class=\"has-background\" style=\"background-color:#e5d1f8\">CONCERNANT LA FORMATION DE FORMATEUR nous verrons dans quelle mesure il nous sera possible cette ann\u00e9e de la r\u00e9aliser sur site et\/ou \u00e0 distance.<\/p>\n\n\n\n<hr class=\"wp-block-separator\"\/>\n\n\n\n<p>[1] R\u00e9seau Universitaire pour la Formation et l\u2019\u00c9ducation \u00e0 un D\u00e9veloppement Durable.<\/p>\n\n\n\n<p>[2] Formation \u00c9ducation Comp\u00e9tences et Objectifs de D\u00e9veloppement Durable.<\/p>\n","protected":false},"excerpt":{"rendered":"<p>Vous trouverez ci dessous les pr\u00e9sentations de l&rsquo;appel a communication FORMER AU MONDE DE DEMAIN. \u00c9duquer \u00e0 la durabilit\u00e9 pour trans-former en commun. Jeudi 6 et vendredi 7 juillet 2023 \u00e0 l\u2019INSP\u00c9 de Clermont-Ferrand (FRANCE) sous un format podcast court puis plus long, puis sous forme vid\u00e9o en vous expliquant toutes les \u00e9tapes de la communication et inscription pour ce colloque. Le PORTRAIT DU COLLOQUE en 20 minutes. La vid\u00e9o de PR\u00c9SENTATION de l&rsquo;appel \u00e0 Communication Former au monde de&#8230;<\/p>\n<p class=\"read-more\"><a class=\"btn btn-default\" href=\"https:\/\/reunifedd.fr\/index.php\/clermont-ferrand\/\">Lire la suite<span class=\"screen-reader-text\"> Lire la suite<\/span><\/a><\/p>\n","protected":false},"author":1,"featured_media":0,"parent":0,"menu_order":0,"comment_status":"closed","ping_status":"closed","template":"","meta":{"footnotes":""},"class_list":["post-30","page","type-page","status-publish","hentry"],"_links":{"self":[{"href":"https:\/\/reunifedd.fr\/index.php\/wp-json\/wp\/v2\/pages\/30","targetHints":{"allow":["GET"]}}],"collection":[{"href":"https:\/\/reunifedd.fr\/index.php\/wp-json\/wp\/v2\/pages"}],"about":[{"href":"https:\/\/reunifedd.fr\/index.php\/wp-json\/wp\/v2\/types\/page"}],"author":[{"embeddable":true,"href":"https:\/\/reunifedd.fr\/index.php\/wp-json\/wp\/v2\/users\/1"}],"replies":[{"embeddable":true,"href":"https:\/\/reunifedd.fr\/index.php\/wp-json\/wp\/v2\/comments?post=30"}],"version-history":[{"count":22,"href":"https:\/\/reunifedd.fr\/index.php\/wp-json\/wp\/v2\/pages\/30\/revisions"}],"predecessor-version":[{"id":1228,"href":"https:\/\/reunifedd.fr\/index.php\/wp-json\/wp\/v2\/pages\/30\/revisions\/1228"}],"wp:attachment":[{"href":"https:\/\/reunifedd.fr\/index.php\/wp-json\/wp\/v2\/media?parent=30"}],"curies":[{"name":"wp","href":"https:\/\/api.w.org\/{rel}","templated":true}]}}