{"id":32,"date":"2019-10-26T11:33:10","date_gmt":"2019-10-26T09:33:10","guid":{"rendered":"http:\/\/reunifedd.fr\/?page_id=32"},"modified":"2024-05-29T16:38:03","modified_gmt":"2024-05-29T14:38:03","slug":"yaounde-decembre-2020","status":"publish","type":"page","link":"https:\/\/reunifedd.fr\/index.php\/yaounde-decembre-2020\/","title":{"rendered":"Colloques FORMER AU MONDE de DEMAIN 2023"},"content":{"rendered":"\n<p>COLLOQUE FECODD OUTILS ET EVALUATION DU DEVELOPPEMENT DURABLE Ce colloque sera orient\u00e9 sur l&rsquo;\u00e9valuation des outils de formation. L&rsquo;appel \u00e0 communication sera diffus\u00e9 au premier semestre 2020.<\/p>\n\n\n\n<p class=\"has-black-color has-light-green-cyan-background-color has-text-color has-background\"><strong>Vous trouverez ci dessous les pr\u00e9sentations de l&rsquo;appel a communication FORMER AU MONDE DE DEMAIN. \u00c9duquer \u00e0 la durabilit\u00e9 pour <em>trans<\/em>-former en commun. Jeudi 6 et vendredi 7 juillet 2023 \u00e0 l\u2019INSP\u00c9 de Clermont-Ferrand (FRANCE)<\/strong> sous un format podcast court puis plus long, puis sous forme vid\u00e9o en vous expliquant toutes les \u00e9tapes de la communication et inscription pour ce colloque.<\/p>\n\n\n\n<div class=\"wp-block-file\"><a href=\"http:\/\/reunifedd.fr\/wp-content\/uploads\/2023\/03\/Podcast-presentation-du-colloque-forme-au-monde-de-demain.mp3\">Podcast de pr\u00e9sentation courte du colloque forme au monde de demain (6min30 )<\/a><a href=\"http:\/\/reunifedd.fr\/wp-content\/uploads\/2023\/03\/Podcast-presentation-du-colloque-forme-au-monde-de-demain.mp3\" class=\"wp-block-file__button\" download>T\u00e9l\u00e9charger<\/a><\/div>\n\n\n\n<figure class=\"wp-block-audio\"><audio controls src=\"http:\/\/reunifedd.fr\/wp-content\/uploads\/2023\/03\/Podcast-presentation-du-colloque-forme-au-monde-de-demain.mp3\"><\/audio><\/figure>\n\n\n\n<p>Le PORTRAIT DU COLLOQUE en 20 minutes.<\/p>\n\n\n\n<figure class=\"wp-block-audio\"><audio controls src=\"http:\/\/reunifedd.fr\/wp-content\/uploads\/2023\/04\/PORTRAIT-COLLOQUE.mp3\"><\/audio><\/figure>\n\n\n\n<figure class=\"wp-block-table alignleft\"><table><tbody><tr><td> VID\u00c9O de PR\u00c9SENTATION de l&rsquo;appel \u00e0 Communication Former au monde de demain&nbsp;: \u00c9duquer \u00e0 la durabilit\u00e9 pour <em>trans<\/em>-former en commun \u00e0 consulter pour mieux comprendre l&rsquo;organisation du colloque, les diff\u00e9rents axes et modes de communication , comprendre comment d\u00e9poser sa communication.<br>NOTRE CONSEIL: <strong>Visionnez cette vid\u00e9o ou TOUT vous est expliqu\u00e9<\/strong>, en cliquant sur le lien : <a href=\"https:\/\/youtu.be\/mZzMd26OuAc\">https:\/\/youtu.be\/mZzMd26OuAc<\/a> <\/td><\/tr><\/tbody><\/table><\/figure>\n\n\n\n<p>Pour visualiser l&rsquo;appel \u00e0 projet faites d\u00e9rouler l&rsquo;appel \u00e0 communication<\/p>\n\n\n\n<p><\/p>\n\n\n\n<figure class=\"wp-block-image size-large\"><img loading=\"lazy\" decoding=\"async\" width=\"1024\" height=\"708\" src=\"http:\/\/reunifedd.fr\/wp-content\/uploads\/2023\/03\/appel-colloque-former-monde-de-demain-1024x708.jpg\" alt=\"\" class=\"wp-image-1189\" srcset=\"https:\/\/reunifedd.fr\/wp-content\/uploads\/2023\/03\/appel-colloque-former-monde-de-demain-1024x708.jpg 1024w, https:\/\/reunifedd.fr\/wp-content\/uploads\/2023\/03\/appel-colloque-former-monde-de-demain-300x208.jpg 300w, https:\/\/reunifedd.fr\/wp-content\/uploads\/2023\/03\/appel-colloque-former-monde-de-demain-768x531.jpg 768w, https:\/\/reunifedd.fr\/wp-content\/uploads\/2023\/03\/appel-colloque-former-monde-de-demain-390x270.jpg 390w, https:\/\/reunifedd.fr\/wp-content\/uploads\/2023\/03\/appel-colloque-former-monde-de-demain.jpg 1233w\" sizes=\"auto, (max-width: 1024px) 100vw, 1024px\" \/><\/figure>\n\n\n\n<div data-wp-interactive=\"core\/file\" class=\"wp-block-file\"><object data-wp-bind--hidden=\"!state.hasPdfPreview\" hidden class=\"wp-block-file__embed\" data=\"http:\/\/reunifedd.fr\/wp-content\/uploads\/2023\/03\/Colloque-former-au-monde-demain-6-et-7-Juillet-2023-3.pdf\" type=\"application\/pdf\" style=\"width:100%;height:600px\" aria-label=\"Contenu embarqu\u00e9 Contenu embarqu\u00e9 Colloque-former-au-monde-demain-6-et-7-Juillet-2023-3..\"><\/object><a href=\"http:\/\/reunifedd.fr\/wp-content\/uploads\/2023\/03\/Colloque-former-au-monde-demain-6-et-7-Juillet-2023-3.pdf\">Colloque-former-au-monde-demain-6-et-7-Juillet-2023-3<\/a><a href=\"http:\/\/reunifedd.fr\/wp-content\/uploads\/2023\/03\/Colloque-former-au-monde-demain-6-et-7-Juillet-2023-3.pdf\" class=\"wp-block-file__button\" download><\/a><\/div>\n\n\n\n<p class=\"has-black-color has-text-color has-background\" style=\"background-color:#c9f5be\">INFORMATIONS PRATIQUES:   <\/p>\n\n\n\n<p class=\"has-text-align-left has-background\" style=\"background-color:#ecf3c2\">INSCRIPTIONS, D\u00c9P\u00d4T DES PROPOSITIONS DE COMMUNICATION et PAIEMENT DES FRAIS. Nous vous rappelons qu&rsquo;il faut bien distinguer l&rsquo;inscription administrative sur le site  <a rel=\"noreferrer noopener\" href=\"http:\/\/fecodd.sciencesconf.org\/\" target=\"_blank\"><em>http:\/\/fecodd.sciencesconf.org\/<\/em><\/a> qui est aussi la zone de d\u00e9p\u00f4t  des propositions de communication,   du <strong>site YAPLA pour le paiement des droits d&rsquo;inscription au colloque<\/strong> <a rel=\"noreferrer noopener\" href=\"https:\/\/reunifedd.s2.yapla.com\/fr\/event-38119\" target=\"_blank\">https:\/\/reunifedd.s2.yapla.com\/fr\/event-38119<\/a>.   Faites aussi bien la diff\u00e9rence avec le site Yapla pour adh\u00e9rer au R\u00e9UniFEDD <a rel=\"noreferrer noopener\" href=\"https:\/\/reunifedd-1.s2.yapla.com\/fr\/\" target=\"_blank\">https:\/\/reunifedd-1.s2.yapla.com\/fr\/<\/a> (<em>ce qui vous permet de b\u00e9n\u00e9ficie du tarif unique de 15 euros pour tout le monde<\/em>). Le paiement peut par ailleurs se faire par ch\u00e8que (voire envoi de liquide) . Toutes les indications sont sur le bulletin d&rsquo;adh\u00e9sion du R\u00e9UniFEDD ci dessous.<\/p>\n\n\n\n<div class=\"wp-block-file\"><a href=\"http:\/\/reunifedd.fr\/wp-content\/uploads\/2023\/03\/Bulletin-Adhesion-ReUniFEDD-2023.docx\">Bulletin-Adhesion-ReUniFEDD-2023<\/a><a href=\"http:\/\/reunifedd.fr\/wp-content\/uploads\/2023\/03\/Bulletin-Adhesion-ReUniFEDD-2023.docx\" class=\"wp-block-file__button\" download>T\u00e9l\u00e9charger<\/a><\/div>\n\n\n\n<p class=\"has-background\" style=\"background-color:#e8f4bc\">Attention il n&rsquo;est plus possible de r\u00e9server des repas au CROUS, vous devrez vous organiser de fa\u00e7on autonome. Il en va de meme pour le logement.<\/p>\n\n\n\n<ol class=\"wp-block-list\"><li><\/li><\/ol>\n\n\n\n<p class=\"has-pale-cyan-blue-background-color has-background has-medium-font-size\">Transport et logement.<\/p>\n\n\n\n<div data-wp-interactive=\"core\/file\" class=\"wp-block-file\"><object data-wp-bind--hidden=\"!state.hasPdfPreview\" hidden class=\"wp-block-file__embed\" data=\"http:\/\/reunifedd.fr\/wp-content\/uploads\/2023\/03\/ACCESSIBILITE-AU-SITE-DU-COLLOQUE-1.pdf\" type=\"application\/pdf\" style=\"width:100%;height:600px\" aria-label=\"Contenu embarqu\u00e9 Contenu embarqu\u00e9 ACCESSIBILITE-AU-SITE-DU-COLLOQUE-1..\"><\/object><a href=\"http:\/\/reunifedd.fr\/wp-content\/uploads\/2023\/03\/ACCESSIBILITE-AU-SITE-DU-COLLOQUE-1.pdf\">ACCESSIBILITE-AU-SITE-DU-COLLOQUE-1<\/a><a href=\"http:\/\/reunifedd.fr\/wp-content\/uploads\/2023\/03\/ACCESSIBILITE-AU-SITE-DU-COLLOQUE-1.pdf\" class=\"wp-block-file__button\" download>T\u00e9l\u00e9charger<\/a><\/div>\n\n\n\n<p class=\"has-background\" style=\"background-color:#e5d1f8\">CONCERNANT LA FORMATION DE FORMATEUR des mardi et mercredi 4 et 5 Juillet, pour vous inscrire ou recevoir les informations (contenus, modalit\u00e9s de participation) vous INSCRIRE SUR l&rsquo;EVENTO avant le 15 mai sur <a href=\"https:\/\/evento.renater.fr\/survey\/formation-de-formateur-les-4-et-5-juillet-2023-8xwl0hxc\">https:\/\/evento.renater.fr\/survey\/formation-de-formateur-les-4-et-5-juillet-2023-8xwl0hxc<\/a> <\/p>\n\n\n\n<hr class=\"wp-block-separator\"\/>\n\n\n\n<p>[1] R\u00e9seau Universitaire pour la Formation et l\u2019\u00c9ducation \u00e0 un D\u00e9veloppement Durable.<\/p>\n\n\n\n<p>[2] Formation \u00c9ducation Comp\u00e9tences et Objectifs de D\u00e9veloppement Durable.<\/p>\n\n\n\n<p>Colloque FECODD DES OUTILS POUR FORMER ET EDUQUER AU DEVELOPPEMENT DURABLE    Abidjan \/Bouak\u00e9 (Juillet 2020).  L&rsquo;appel \u00e0 communication sera diffus\u00e9 en Janvier 2020 <\/p>\n","protected":false},"excerpt":{"rendered":"<p>COLLOQUE FECODD OUTILS ET EVALUATION DU DEVELOPPEMENT DURABLE Ce colloque sera orient\u00e9 sur l&rsquo;\u00e9valuation des outils de formation. L&rsquo;appel \u00e0 communication sera diffus\u00e9 au premier semestre 2020. Vous trouverez ci dessous les pr\u00e9sentations de l&rsquo;appel a communication FORMER AU MONDE DE DEMAIN. \u00c9duquer \u00e0 la durabilit\u00e9 pour trans-former en commun. Jeudi 6 et vendredi 7 juillet 2023 \u00e0 l\u2019INSP\u00c9 de Clermont-Ferrand (FRANCE) sous un format podcast court puis plus long, puis sous forme vid\u00e9o en vous expliquant toutes les \u00e9tapes&#8230;<\/p>\n<p class=\"read-more\"><a class=\"btn btn-default\" href=\"https:\/\/reunifedd.fr\/index.php\/yaounde-decembre-2020\/\">Lire la suite<span class=\"screen-reader-text\"> Lire la suite<\/span><\/a><\/p>\n","protected":false},"author":2,"featured_media":0,"parent":0,"menu_order":0,"comment_status":"closed","ping_status":"closed","template":"","meta":{"footnotes":""},"class_list":["post-32","page","type-page","status-publish","hentry"],"_links":{"self":[{"href":"https:\/\/reunifedd.fr\/index.php\/wp-json\/wp\/v2\/pages\/32","targetHints":{"allow":["GET"]}}],"collection":[{"href":"https:\/\/reunifedd.fr\/index.php\/wp-json\/wp\/v2\/pages"}],"about":[{"href":"https:\/\/reunifedd.fr\/index.php\/wp-json\/wp\/v2\/types\/page"}],"author":[{"embeddable":true,"href":"https:\/\/reunifedd.fr\/index.php\/wp-json\/wp\/v2\/users\/2"}],"replies":[{"embeddable":true,"href":"https:\/\/reunifedd.fr\/index.php\/wp-json\/wp\/v2\/comments?post=32"}],"version-history":[{"count":5,"href":"https:\/\/reunifedd.fr\/index.php\/wp-json\/wp\/v2\/pages\/32\/revisions"}],"predecessor-version":[{"id":1223,"href":"https:\/\/reunifedd.fr\/index.php\/wp-json\/wp\/v2\/pages\/32\/revisions\/1223"}],"wp:attachment":[{"href":"https:\/\/reunifedd.fr\/index.php\/wp-json\/wp\/v2\/media?parent=32"}],"curies":[{"name":"wp","href":"https:\/\/api.w.org\/{rel}","templated":true}]}}