{"id":339,"date":"2020-04-23T15:22:49","date_gmt":"2020-04-23T13:22:49","guid":{"rendered":"http:\/\/reunifedd.fr\/?page_id=339"},"modified":"2020-07-06T16:02:17","modified_gmt":"2020-07-06T14:02:17","slug":"reecriture-pedagogique-des-odd","status":"publish","type":"page","link":"https:\/\/reunifedd.fr\/index.php\/fecodd\/reecriture-pedagogique-des-odd\/","title":{"rendered":"R\u00e9\u00e9criture p\u00e9dagogique des ODD"},"content":{"rendered":"\n<p>Les 17 ODD ont \u00e9t\u00e9 d\u00e9finis par l&rsquo;ONU dans une logique strat\u00e9gique et politique avec des cibles op\u00e9rationnelles qui ne sont pas des objectifs p\u00e9dagogiques. L\u2019objectif de ce groupe de travail  est de faire des propositions en terme d&rsquo;<strong>objectifs p\u00e9dagogiques et \u00e9ducatifs<\/strong>, m\u00ealant \u00e0 la fois des objectifs en termes de savoirs mais aussi en terme de comp\u00e9tences. A titre d&rsquo;<em>exemple pour les ODD 14 et 15 , des comp\u00e9tences naturalistes ou scientifiques en lien avec les approches des \u00e9cologues ou des anthropologues de la nature<\/em>, mais aussi des comp\u00e9tences \u00ab\u00a0sensibles\u00a0\u00bb li\u00e9es a des approches diff\u00e9rentes de la nature, ou des comp\u00e9tences plus prospectives en lien avec l&rsquo;approche \u00e0 diff\u00e9rentes \u00e9chelles des crises, ou des comp\u00e9tences en terme de syst\u00e9mique et changements en lien avec la prise en compte des services \u00e9cosyst\u00e9miques.<\/p>\n\n\n\n<p>Il conviendra probablement de <strong>diff\u00e9rencier les objectifs p\u00e9dagogiques<\/strong> (au sens large) en fonction des cibles, mais de les rendre op\u00e9rationnels en fonction de l&rsquo;\u00e2ge des personnes, de leur culture ou des conditions sp\u00e9cifiques dans certains pays.<\/p>\n\n\n\n<p>Ce sont ces <strong>cibles p\u00e9dagogiques<\/strong> qui constituent les <strong>objectifs v\u00e9ritables<\/strong> des <strong>formations<\/strong>. Il convient donc de les expliciter et de pr\u00e9ciser si des outils plus sp\u00e9cifiques peuvent \u00eatre mis en place pour atteindre ces objectifs p\u00e9dagogiques.<\/p>\n\n\n\n<p>Les propositions de r\u00e9\u00e9criture sont en cours, un drive sera mis en disposition des contributeurs&#8230;&#8230;L&rsquo;objectif est de faire une premi\u00e8re proposition pour la fin du mois de Juin\/d\u00e9but Juillet 2020.<\/p>\n\n\n\n<p>Pour lancer la r\u00e9flexion, je vous propose qu&rsquo;on essaye de mettre en avant <strong>5 \u00e0 10 d&rsquo;objectifs p\u00e9dagogiques<\/strong> (<em>croisant connaissances et comp\u00e9tences comme pour l&rsquo;exemple des services \u00e9cosyst\u00e9miques<\/em>) <strong>par ODD<\/strong>. Il y aura n\u00e9cessairement des redondances et des croisements entre les 17 0DD, des hi\u00e9rarchisations. Pour chacun des objectifs p\u00e9dagogiques il nous faudrait essayer de les d\u00e9composer ou les rendre d\u00e9composables en niveaux de comp\u00e9tences adapt\u00e9s aux public pour qu&rsquo;ils soient op\u00e9rationnels dans le cadre de leur utilisation via des outils de formation et dans la cadre de modules de formation.<\/p>\n\n\n\n<p>PREMIERES PROPOSITIONS  DU GROUPE DE TRAVAIL.<a href=\"http:\/\/reunifedd.fr\/index.php\/premieres-propositions-du-groupe-de-travail\/\">http:\/\/reunifedd.fr\/index.php\/premieres-propositions-du-groupe-de-travail\/<\/a><\/p>\n\n\n\n<p style=\"font-size:11px\" class=\"has-background has-drop-cap has-very-light-gray-background-color\"><em>Ceci est un texte temporaire dat\u00e9 du 17 Juin 2020  propos\u00e9 au groupe de travail&#8230;<\/em>  Ci dessous nous mettrons les liens vers nos propositions .<\/p>\n","protected":false},"excerpt":{"rendered":"<p>Les 17 ODD ont \u00e9t\u00e9 d\u00e9finis par l&rsquo;ONU dans une logique strat\u00e9gique et politique avec des cibles op\u00e9rationnelles qui ne sont pas des objectifs p\u00e9dagogiques. L\u2019objectif de ce groupe de travail est de faire des propositions en terme d&rsquo;objectifs p\u00e9dagogiques et \u00e9ducatifs, m\u00ealant \u00e0 la fois des objectifs en termes de savoirs mais aussi en terme de comp\u00e9tences. A titre d&rsquo;exemple pour les ODD 14 et 15 , des comp\u00e9tences naturalistes ou scientifiques en lien avec les approches des \u00e9cologues&#8230;<\/p>\n<p class=\"read-more\"><a class=\"btn btn-default\" href=\"https:\/\/reunifedd.fr\/index.php\/fecodd\/reecriture-pedagogique-des-odd\/\">Lire la suite<span class=\"screen-reader-text\"> Lire la suite<\/span><\/a><\/p>\n","protected":false},"author":1,"featured_media":456,"parent":34,"menu_order":1,"comment_status":"closed","ping_status":"closed","template":"","meta":{"footnotes":""},"class_list":["post-339","page","type-page","status-publish","has-post-thumbnail","hentry"],"_links":{"self":[{"href":"https:\/\/reunifedd.fr\/index.php\/wp-json\/wp\/v2\/pages\/339","targetHints":{"allow":["GET"]}}],"collection":[{"href":"https:\/\/reunifedd.fr\/index.php\/wp-json\/wp\/v2\/pages"}],"about":[{"href":"https:\/\/reunifedd.fr\/index.php\/wp-json\/wp\/v2\/types\/page"}],"author":[{"embeddable":true,"href":"https:\/\/reunifedd.fr\/index.php\/wp-json\/wp\/v2\/users\/1"}],"replies":[{"embeddable":true,"href":"https:\/\/reunifedd.fr\/index.php\/wp-json\/wp\/v2\/comments?post=339"}],"version-history":[{"count":10,"href":"https:\/\/reunifedd.fr\/index.php\/wp-json\/wp\/v2\/pages\/339\/revisions"}],"predecessor-version":[{"id":506,"href":"https:\/\/reunifedd.fr\/index.php\/wp-json\/wp\/v2\/pages\/339\/revisions\/506"}],"up":[{"embeddable":true,"href":"https:\/\/reunifedd.fr\/index.php\/wp-json\/wp\/v2\/pages\/34"}],"wp:featuredmedia":[{"embeddable":true,"href":"https:\/\/reunifedd.fr\/index.php\/wp-json\/wp\/v2\/media\/456"}],"wp:attachment":[{"href":"https:\/\/reunifedd.fr\/index.php\/wp-json\/wp\/v2\/media?parent=339"}],"curies":[{"name":"wp","href":"https:\/\/api.w.org\/{rel}","templated":true}]}}