{"id":36,"date":"2019-10-26T11:33:46","date_gmt":"2019-10-26T09:33:46","guid":{"rendered":"http:\/\/reunifedd.fr\/?page_id=36"},"modified":"2020-05-11T11:08:44","modified_gmt":"2020-05-11T09:08:44","slug":"seminaires","status":"publish","type":"page","link":"https:\/\/reunifedd.fr\/index.php\/seminaires\/","title":{"rendered":"S\u00e9minaires"},"content":{"rendered":"\n<p class=\"has-background has-very-light-gray-background-color\">En raison des probl\u00e8mes \u00e9pid\u00e9miologiques actuels (Avril 2020), les axes de travail sont perturb\u00e9s mais l&rsquo;activit\u00e9 se poursuit \u00e0 distance avec des informations d\u00e9pos\u00e9es sur ce site dans la partie espace de d\u00e9p\u00f4t (et des informations plus approfondies dans la partie adh\u00e9rents) avec diff\u00e9rentes vid\u00e9os de pr\u00e9sentation th\u00e9matiques , fichiers r\u00e9sum\u00e9 d&rsquo;ouvrages en amont de WEBINAIRES (s\u00e9minaires en ligne) ouverts \u00e0 tous ou aux adh\u00e9rents selon les cas.<\/p>\n\n\n\n<p class=\"has-background has-small-font-size has-pale-cyan-blue-background-color\">SEMINAIRE 1 :  \u00ab\u00a0<strong>Pourquoi alors que nous savons d\u00e9j\u00e0 beaucoup de choses sur la n\u00e9cessaire transition socio-\u00e9cologique et son urgence, sommes nous incapables de d\u00e9cider et changer?<\/strong>\u00a0\u00bb   \u00e0 partir entre autres des ouvrages de Georges Marshall (Le syndrome de l&rsquo;autruche), S\u00e9bastien Bohler (Le bug humain), d&rsquo;Albert Moukheiber (Votre cerveau vous joue des tours). Allez dans Espace de d\u00e9p\u00f4t public pour avoir acc\u00e8s au s\u00e9minaire,documentation et vid\u00e9os <strong><a href=\"http:\/\/l\u2019URL: https:\/\/us02web.zoom.us\/j\/81910774394?pwd=WnVVTE1ZWDJiQkl4WTAvNmlKVWp6Zz09 Mot de passe de la r\u00e9union 7M6Kw0\">http:\/\/reunifedd.fr\/index.php\/espace-public\/ <\/a><\/strong><\/p>\n\n\n\n<p>Plusieurs axes de travail ont \u00e9t\u00e9 d\u00e9finis dans le projet FECODD: Formation des enseignants, Biodiversit\u00e9, Changements climatiques et Territoires\/territorialit\u00e9. L&rsquo;objectif du FECODD est de <strong>produire des outils<\/strong> pour <strong>former <\/strong>et <strong>\u00e9duquer au D\u00e9veloppement Durable<\/strong> (<em>Les ODD n&rsquo;\u00e9tant que des objectifs strat\u00e9giques et politiques, il convient de les convertir en objectifs \u00e9ducatifs et\/ou de formation<\/em>). Il devient n\u00e9cessaire d&rsquo;aller d&rsquo;aller plus vite et plus loin et de concevoir des <strong>dispositifs de formation g\u00e9n\u00e9ralisables et transposables<\/strong>&#8230;pour que les <strong>coll\u00e8gues <\/strong>en place dans le sup\u00e9rieur et leurs <strong>\u00e9tudiants <\/strong>puissent se saisir de ces questions d&rsquo;enseignement et d&rsquo;\u00e9ducation au d\u00e9veloppement durable&#8230;.<\/p>\n\n\n\n<p>Voici nos\nproposition de s\u00e9minaires:<\/p>\n\n\n\n<p class=\"has-text-align-left\"> les 11 et 12 MARS 2020 , \u00e0 l&rsquo;INSPE Clermont Auvergne :   <strong>Former les enseignants du XXI \u00e8me si\u00e8cle \u00e0 une prise en compte \u00e9ducative des Objectifs du D\u00e9veloppement Durable<\/strong>  L&rsquo;objectif de ce s\u00e9minaire est  de proposer des modalit\u00e9s de formation   pour int\u00e9grer les ODD \u00e0 la fois dans les maquettes et les pratiques des   masters M\u00e9tiers de la formation et de l&rsquo;\u00e9ducation . C&rsquo;est actuellement  le plus gros  master de France avec 42000 \u00e9tudiants . L&rsquo;articulation  entre les praticiens de terrain, les formateurs , les chercheurs et les  \u00e9tudiants devrait  conduire \u00e0 des propositions articulant FOAD et  pr\u00e9sentiel, cours \u00e0 distance et  projet local&#8230;  <\/p>\n\n\n\n<div class=\"wp-block-file\"><a href=\"http:\/\/reunifedd.fr\/wp-content\/uploads\/2020\/03\/Former-enseignants-du-XXI\u00e8me-si\u00e8cle-\u00e9ducation-ODD-participants.docx\">Former enseignants du XXI\u00e8me si\u00e8cle \u00e9ducation ODD participants<\/a><a href=\"http:\/\/reunifedd.fr\/wp-content\/uploads\/2020\/03\/Former-enseignants-du-XXI\u00e8me-si\u00e8cle-\u00e9ducation-ODD-participants.docx\" class=\"wp-block-file__button\" download>T\u00e9l\u00e9charger<\/a><\/div>\n\n\n\n<div class=\"wp-block-file\"><a href=\"http:\/\/reunifedd.fr\/wp-content\/uploads\/2020\/03\/Planning-Former-enseignants-du-XXI\u00e8me-si\u00e8cle-ODD.pdf\">Programme Former enseignants du XXI\u00e8me si\u00e8cle ODD<\/a><a href=\"http:\/\/reunifedd.fr\/wp-content\/uploads\/2020\/03\/Planning-Former-enseignants-du-XXI\u00e8me-si\u00e8cle-ODD.pdf\" class=\"wp-block-file__button\" download>T\u00e9l\u00e9charger<\/a><\/div>\n\n\n\n<div class=\"wp-block-file\"><a href=\"http:\/\/reunifedd.fr\/wp-content\/uploads\/2020\/03\/venir-et-se-loger-sur-Clermont-Fd.pdf\">venir et se loger sur Clermont Fd<\/a><a href=\"http:\/\/reunifedd.fr\/wp-content\/uploads\/2020\/03\/venir-et-se-loger-sur-Clermont-Fd.pdf\" class=\"wp-block-file__button\" download>T\u00e9l\u00e9charger<\/a><\/div>\n\n\n\n<p>le 13 MARS 2020,  \u00e0 l&rsquo;INSPE Clermont Auvergne :  <strong>\u00ab&nbsp;Territoire et Territorialit\u00e9&nbsp;:Accompagner les diff\u00e9rentes parties prenantes&nbsp; pour r\u00e9pondre aux&nbsp; d\u00e9fis des Objectifs du D\u00e9veloppement Durable<\/strong>\u00a0\u00bb <strong> <\/strong>Les objectifs sont proches, l&rsquo;id\u00e9e \u00e9tant de produire des outils d&rsquo;aide au montage et pilotage de projets territoriaux mobilisant l&rsquo;ensemble des parties prenantes (collectivit\u00e9s territoriales, des universit\u00e9s jusqu&rsquo;aux syst\u00e8mes scolaires, associations &#8230;) qui conduisent \u00e0 la mise en place d&rsquo;actions concr\u00e8tes et de formations centr\u00e9es sur les ODD et mobilisant des entr\u00e9es par comp\u00e9tences.<\/p>\n\n\n\n<div class=\"wp-block-file\"><a href=\"http:\/\/reunifedd.fr\/wp-content\/uploads\/2020\/03\/Planning-Territoire-territorialit\u00e9-et-ODD.pdf\">Programme Territoire, territorialit\u00e9 et ODD<\/a><a href=\"http:\/\/reunifedd.fr\/wp-content\/uploads\/2020\/03\/Planning-Territoire-territorialit\u00e9-et-ODD.pdf\" class=\"wp-block-file__button\" download>T\u00e9l\u00e9charger<\/a><\/div>\n\n\n\n<div class=\"wp-block-file\"><a href=\"http:\/\/reunifedd.fr\/wp-content\/uploads\/2020\/02\/Former-enseignants-du-XXI\u00e8me-si\u00e8cle-\u00e9ducation-ODD-2.pdf\" class=\"wp-block-file__button\" download>T\u00e9l\u00e9charger<\/a><\/div>\n\n\n\n<div class=\"wp-block-file\"><a href=\"http:\/\/reunifedd.fr\/wp-content\/uploads\/2020\/03\/s\u00e9minaire-territorialit\u00e9-et-ODD-participants.docx\">s\u00e9minaire territorialit\u00e9 et ODD participants<\/a><a href=\"http:\/\/reunifedd.fr\/wp-content\/uploads\/2020\/03\/s\u00e9minaire-territorialit\u00e9-et-ODD-participants.docx\" class=\"wp-block-file__button\" download>T\u00e9l\u00e9charger<\/a><\/div>\n\n\n\n<div class=\"wp-block-file\"><a href=\"http:\/\/reunifedd.fr\/wp-content\/uploads\/2020\/02\/s\u00e9minaire-territorialit\u00e9-et-ODD-1.pdf\">s\u00e9minaire territorialit\u00e9 et ODD<\/a><a href=\"http:\/\/reunifedd.fr\/wp-content\/uploads\/2020\/02\/s\u00e9minaire-territorialit\u00e9-et-ODD-1.pdf\" class=\"wp-block-file__button\" download>T\u00e9l\u00e9charger<\/a><\/div>\n\n\n\n<div class=\"wp-block-file\"><a href=\"http:\/\/reunifedd.fr\/wp-content\/uploads\/2020\/03\/venir-et-se-loger-sur-Clermont-Fd.pdf\">venir et se loger sur Clermont Fd<\/a><a href=\"http:\/\/reunifedd.fr\/wp-content\/uploads\/2020\/03\/venir-et-se-loger-sur-Clermont-Fd.pdf\" class=\"wp-block-file__button\" download>T\u00e9l\u00e9charger<\/a><\/div>\n\n\n\n<figure class=\"wp-block-gallery columns-0 is-cropped wp-block-gallery-1 is-layout-flex wp-block-gallery-is-layout-flex\"><ul class=\"blocks-gallery-grid\"><\/ul><\/figure>\n\n\n\n<p class=\"has-text-align-center\">Le s\u00e9minaire pr\u00e9vu les 24 et 25 MARS , Agroparitech, PARIS:&nbsp; Changements climatiques et Biodiversit\u00e9: comment former et \u00e9duquer pour agir&#8230;                                       <strong><em>est annul\u00e9 sous cette forme, mais pour participer au travail sur cet axe, vous nous contactez..car nous allons r\u00e9aliser le travail a distance.<\/em> en finalisant les productions d\u00e9but Juin (mais tout devrait etre construit en amont en mars avril mai. <\/strong>. Que vous soyez associatifs, enseignants, formateurs ou chercheurs, \u00e9tudiants ou partenaires&#8230;N&rsquo;h\u00e9sitez pas \u00e0 faire des propositions pour rejoindre le COPIL, Communiquer ou simplement assister (s&rsquo;inscrire \u00e0 partir du fichier ci dessous)<\/p>\n\n\n\n<div class=\"wp-block-file\"><a href=\"http:\/\/reunifedd.fr\/wp-content\/uploads\/2020\/03\/S\u00e9minaire-eduquer-\u00e0-la-biodiversit\u00e9-et-aux-changements-climatiques.docx\">S\u00e9minaire \u00e9duquer \u00e0 la biodiversit\u00e9 et aux changements climatiques<\/a><a href=\"http:\/\/reunifedd.fr\/wp-content\/uploads\/2020\/03\/S\u00e9minaire-eduquer-\u00e0-la-biodiversit\u00e9-et-aux-changements-climatiques.docx\" class=\"wp-block-file__button\" download>T\u00e9l\u00e9charger<\/a><\/div>\n\n\n\n<p> les 8, 9 et 10 JUIN (sur Paris ou Clermont-ferrand) S\u00e9minaire de production des  outils de la mallette FECODD + conception de modules de formation <strong><em>Pour participer, vous nous contactez&#8230;<\/em>.le descriptif qui sera mis en lien prendra en compte vos propositions <\/strong> <\/p>\n\n\n\n<p>les 15 16 et 17 JUIN sur Aix et Marseille (lors du congres de l&rsquo;UICN ) outils et sc\u00e9narios de formation (centr\u00e9s sur les entr\u00e9es Biodiversit\u00e9 et Changements Climatiques) <strong><em>Pour participer, vous nous contactez&#8230;<\/em>.le descriptif qui sera mis en lien prendra en compte vos propositions <\/strong> <\/p>\n\n\n\n<p>Concernant ces s\u00e9minaires, si vous voulez participer \u00e0 leur \u00e9laboration vous envoyez un mail <a rel=\"noreferrer noopener\" href=\"mailto:didier.mulnet@uca.fr\" target=\"_blank\">didier.mulnet@uca.fr<\/a> et vous proposez vos suggestions. <\/p>\n\n\n\n<figure class=\"wp-block-gallery columns-0 is-cropped wp-block-gallery-2 is-layout-flex wp-block-gallery-is-layout-flex\"><ul class=\"blocks-gallery-grid\"><\/ul><\/figure>\n\n\n\n<p><\/p>\n\n\n\n<p><\/p>\n\n\n\n<p><\/p>\n","protected":false},"excerpt":{"rendered":"<p>En raison des probl\u00e8mes \u00e9pid\u00e9miologiques actuels (Avril 2020), les axes de travail sont perturb\u00e9s mais l&rsquo;activit\u00e9 se poursuit \u00e0 distance avec des informations d\u00e9pos\u00e9es sur ce site dans la partie espace de d\u00e9p\u00f4t (et des informations plus approfondies dans la partie adh\u00e9rents) avec diff\u00e9rentes vid\u00e9os de pr\u00e9sentation th\u00e9matiques , fichiers r\u00e9sum\u00e9 d&rsquo;ouvrages en amont de WEBINAIRES (s\u00e9minaires en ligne) ouverts \u00e0 tous ou aux adh\u00e9rents selon les cas. SEMINAIRE 1 : \u00ab\u00a0Pourquoi alors que nous savons d\u00e9j\u00e0 beaucoup de choses&#8230;<\/p>\n<p class=\"read-more\"><a class=\"btn btn-default\" href=\"https:\/\/reunifedd.fr\/index.php\/seminaires\/\">Lire la suite<span class=\"screen-reader-text\"> Lire la suite<\/span><\/a><\/p>\n","protected":false},"author":2,"featured_media":0,"parent":0,"menu_order":0,"comment_status":"closed","ping_status":"closed","template":"","meta":{"footnotes":""},"class_list":["post-36","page","type-page","status-publish","hentry"],"_links":{"self":[{"href":"https:\/\/reunifedd.fr\/index.php\/wp-json\/wp\/v2\/pages\/36","targetHints":{"allow":["GET"]}}],"collection":[{"href":"https:\/\/reunifedd.fr\/index.php\/wp-json\/wp\/v2\/pages"}],"about":[{"href":"https:\/\/reunifedd.fr\/index.php\/wp-json\/wp\/v2\/types\/page"}],"author":[{"embeddable":true,"href":"https:\/\/reunifedd.fr\/index.php\/wp-json\/wp\/v2\/users\/2"}],"replies":[{"embeddable":true,"href":"https:\/\/reunifedd.fr\/index.php\/wp-json\/wp\/v2\/comments?post=36"}],"version-history":[{"count":29,"href":"https:\/\/reunifedd.fr\/index.php\/wp-json\/wp\/v2\/pages\/36\/revisions"}],"predecessor-version":[{"id":395,"href":"https:\/\/reunifedd.fr\/index.php\/wp-json\/wp\/v2\/pages\/36\/revisions\/395"}],"wp:attachment":[{"href":"https:\/\/reunifedd.fr\/index.php\/wp-json\/wp\/v2\/media?parent=36"}],"curies":[{"name":"wp","href":"https:\/\/api.w.org\/{rel}","templated":true}]}}