{"id":38,"date":"2019-10-26T11:34:14","date_gmt":"2019-10-26T09:34:14","guid":{"rendered":"http:\/\/reunifedd.fr\/?page_id=38"},"modified":"2020-06-11T16:28:22","modified_gmt":"2020-06-11T14:28:22","slug":"territoire","status":"publish","type":"page","link":"https:\/\/reunifedd.fr\/index.php\/territoire\/","title":{"rendered":"Territoires, Territorialit\u00e9s"},"content":{"rendered":"\n<p class=\"has-background has-luminous-vivid-amber-background-color\">La page de cet axe n&rsquo;a pas encore \u00e9t\u00e9 actualis\u00e9e, ne laissant apparaitre que le s\u00e9minaire mais pas les travaux du groupe depuis ce s\u00e9minaire. Cela sera fait pour la fin Juin 2020.<\/p>\n\n\n\n<p>Le 1er s\u00e9minaire Territoires, Territorialit\u00e9s, parties prenantes et ODD a eu <strong>lieu<\/strong> \u00e0 l&rsquo;<strong>INSPE Clermont-Auvergne, 36 Avenue Jean Jaur\u00e8s, 63407 Chamali\u00e8res<\/strong>, le <strong>vendredi 13 Mars 2020<\/strong><\/p>\n\n\n\n<p><em>Vous trouverez ci dessous les pr\u00e9sentations des communicants, mais en raison d&rsquo;un probl\u00e8me son lors de la majeure partie des enregistrements, vous devrez attendre un peu pour la mise en ligne des vid\u00e9os.<\/em><\/p>\n\n\n\n<p class=\"has-background has-very-light-gray-background-color\">&nbsp;&nbsp;&nbsp;&nbsp;&nbsp;&nbsp;&nbsp;&nbsp;&nbsp;&nbsp;&nbsp;&nbsp;&nbsp;&nbsp;&nbsp; <strong><em>Pr\u00e9sentation du s\u00e9minaire<\/em><\/strong> &nbsp;&nbsp;&nbsp;&nbsp;&nbsp;&nbsp;&nbsp;&nbsp; Didier Mulnet (INSPE Clermont Auvergne, R\u00e9UniFEDD) \u2018\u2019Des outils pour former et \u00e9duquer au DD dans le cadre de projets territoriaux \u00e0 diff\u00e9rentes \u00e9chelles.\u2019\u2019. INSPE Clermont Auvergne\/UCA, Coordinateur Projet FECODD et Pr\u00e9sident du R\u00e9UniFEDD.<\/p>\n\n\n\n<div class=\"wp-block-file\"><a href=\"http:\/\/reunifedd.fr\/wp-content\/uploads\/2020\/03\/Outils-pour-apprendre-FECODD.pptx\">Outils pour apprendre FECODD<\/a><a href=\"http:\/\/reunifedd.fr\/wp-content\/uploads\/2020\/03\/Outils-pour-apprendre-FECODD.pptx\" class=\"wp-block-file__button\" download>T\u00e9l\u00e9charger<\/a><\/div>\n\n\n\n<p><strong>9H30 \u2013 12H30&nbsp;: Amphith\u00e9\u00e2tre E<\/strong>  <strong> <\/strong>Sept interventions suivies d\u2019\u00e9changes et de d\u00e9bats<\/p>\n\n\n\n<p>&#8211; <strong>Francine Depras&nbsp;: <\/strong>\u00a0\u00bbRegards critiques sur la mise en \u0153uvre de \u00a0\u00bbCampus International pour une Civilisation Ecologique\u00a0\u00bb projet d&rsquo;\u00e9ducation et de formation fond\u00e9 sur la \u00ab\u00a0matrice \u00e9cologique\u00a0\u00bb et la mobilisation de \u00ab\u00a0parties prenantes\u00a0\u00bb.<strong> <\/strong>Pr\u00e9sidente de \u00ab\u00a0Campus International pour une Civilisation Ecologique\u00a0\u00bb, (CiC\u00e9-Agence)  <em><strong>Vid\u00e9o \u00e0 venir.<\/strong><\/em><\/p>\n\n\n\n<p>&#8211; <strong>Denis Dessagne<\/strong>, \u2018\u2019L\u2019int\u00e9gration de l\u2019EDD\/EODD aux projets de territoire, ou, comment les INSPE peuvent ils jouer un r\u00f4le dans l\u2019accompagnement des projets de territoires autour des enjeux de d\u00e9veloppement durable\u2019\u2019. Retour d\u2019exp\u00e9rience autour de deux projets en Lot et Garonne. Professeur agr\u00e9g\u00e9, responsable du Master Pratique et Ing\u00e9nierie de la Formation, option \u2018\u2019\u00e9duquer, former \u00e0 la transition \u00e9cologique et au d\u00e9veloppement durable\u2019\u2019 INSPE d\u2019Aquitaine, Universit\u00e9 de Bordeaux  <\/p>\n\n\n\n<div class=\"wp-block-file\"><a href=\"http:\/\/reunifedd.fr\/wp-content\/uploads\/2020\/03\/Denis-Dessagne.pdf\">Denis Dessagne<\/a><a href=\"http:\/\/reunifedd.fr\/wp-content\/uploads\/2020\/03\/Denis-Dessagne.pdf\" class=\"wp-block-file__button\" download>T\u00e9l\u00e9charger<\/a><\/div>\n\n\n\n<p><strong>&#8211; Luc\nNGWE,&nbsp; \u2018\u2019<\/strong>Objectifs du\nD\u00e9veloppement Durable etTerritoires&nbsp;:\nPerspectives d\u2019une recherche-action au Cameroun\u2019\u2019.&nbsp;Chercheur, et\nprofesseur. Une formation par la recherche.<\/p>\n\n\n\n<div class=\"wp-block-file\"><a href=\"http:\/\/reunifedd.fr\/wp-content\/uploads\/2020\/03\/Pr\u00e9sentation-territoire-Luc-Ngwe.pptx\">Pr\u00e9sentation territoire Luc Ngwe<\/a><a href=\"http:\/\/reunifedd.fr\/wp-content\/uploads\/2020\/03\/Pr\u00e9sentation-territoire-Luc-Ngwe.pptx\" class=\"wp-block-file__button\" download>T\u00e9l\u00e9charger<\/a><\/div>\n\n\n\n<p><strong>&#8211; Albert Temkeng,<\/strong> \u2018\u2019Projet de Centre de formation aux m\u00e9tiers innovants \u00e9cologiques et de d\u00e9veloppement durable et solidaire\u2019\u2019<strong>. <\/strong>ENIEG de Foumban, Centre de promotion des m\u00e9tiers innovants, \u00e9cologiques, du DD et Solidaire, Centre MIECODDS. Cameroun.     Lien vers sa vid\u00e9o&nbsp;&nbsp; <a href=\"https:\/\/www.youtube.com\/watch?v=kKts-ckoZcI&amp;feature=youtu.be\">https:\/\/www.youtube.com\/watch?v=kKts-ckoZcI&amp;feature=youtu.be<\/a><\/p>\n\n\n\n\n\n<p><strong>&#8211; Alain Bussiere,<\/strong> \u2018\u2019Retour sur une d\u00e9marche de\nlabellisation Universit\u00e9 de Commerce Equitable\u2019\u2019. Professeur agr\u00e9g\u00e9 de sciences\nsociales. Membre du R\u00e9seau Inter-Universitaire d\u2019ESS, Membre du r\u00e9seau\nFAIRNESS, research network for fair trade.;.UFR Langues, cultures et\nCommunication, UCA. <\/p>\n\n\n\n<div class=\"wp-block-file\"><a href=\"http:\/\/reunifedd.fr\/wp-content\/uploads\/2020\/03\/Pr\u00e9sentation-Alain-Bussi\u00e8re.pptx\">Pr\u00e9sentation Alain Bussi\u00e8re<\/a><a href=\"http:\/\/reunifedd.fr\/wp-content\/uploads\/2020\/03\/Pr\u00e9sentation-Alain-Bussi\u00e8re.pptx\" class=\"wp-block-file__button\" download>T\u00e9l\u00e9charger<\/a><\/div>\n\n\n\n<p>&#8211;<strong>Hager Khezami<\/strong>, Directrice. <strong>Laurence\nDuflou<\/strong>, Charg\u00e9e de mission. \u2018\u2019Projet Europ\u00e9en VISES&nbsp;: Une\nRecherche-Action pour positionner les entreprises de l\u2019ESS au c\u0153ur de leur\n\u00e9valuation d\u2019impact social\u2019\u2019&nbsp; Comment\ntisser du lien entre les parties prenantes d\u2019un territoire&nbsp;? D\u00e9claration\ncommune VISES-TIESS (canada), pour une \u00e9valuation d\u2019Impact Social pertinente.\nChambre R\u00e9gionale de l\u2019Economie Sociale et Solidaire, Hauts de France, (CRESS).<\/p>\n\n\n\n<p><strong>&#8211; Geoffrey Volat&nbsp;: <\/strong>\u2018\u2019 Repenser la communication pour favoriser les\ndynamiques collectives au sein des territoires\u2019\u2019. Membre du comit\u00e9 ex\u00e9cutif du\nCentre d\u2019Innovations Sociales Clermont Auvergne. Doctorant, laboratoire\nCommunication et Soci\u00e9t\u00e9s, UCA&nbsp;. <\/p>\n\n\n\n<div class=\"wp-block-file\"><a href=\"http:\/\/reunifedd.fr\/wp-content\/uploads\/2020\/03\/G-Vollat.jpg\">G Vollat<\/a><a href=\"http:\/\/reunifedd.fr\/wp-content\/uploads\/2020\/03\/G-Vollat.jpg\" class=\"wp-block-file__button\" download>T\u00e9l\u00e9charger<\/a><\/div>\n\n\n\n<p><strong>Fin de matin\u00e9e<\/strong><strong>&nbsp;:<\/strong> <strong>Partie&nbsp;:\npropositions, productions d\u2019outils de formation et de gestion territoriale.<\/strong><\/p>\n\n\n\n<p><strong>REPAS entre 12 h 15 \u2013 14h.<\/strong><\/p>\n\n\n\n<p><strong>14H \u2013 17H&nbsp;: Amphith\u00e9\u00e2tre E<\/strong> : Cinq interventions suivies d\u2019\u00e9changes et de d\u00e9bats <\/p>\n\n\n\n<p><strong><em>Th\u00e8me&nbsp;:<\/em><\/strong><em> \u2018\u2019La figure du faire\nAlliance pour Agir ensemble&nbsp;; Des groupes en \u2018\u2019intelligence collective, en\ninnovations sociales et environnementales\u2019\u2019 qui font le sens d\u2019un d\u00e9veloppement\ndurable des Territoires. Des groupes d\u2019acteurs en entrepreneuriat solidaire reliant\nenjeux soci\u00e9taux, sociaux et environnementaux, dans la prospective des ODD\u2019\u2019.<\/em><\/p>\n\n\n\n<p>&#8211;<strong>Marie-Claude Dh\u00f4-Fiandino,<\/strong> \u2018\u2019Les fertiles rencontres\u2019\u2019. Directrice adjointe strat\u00e9gie environnementale M\u00e9tropole Aix-Marseille-Provence. <em><strong> A venir<\/strong><\/em><\/p>\n\n\n\n<p><strong>-Jacques Bregeon<\/strong>, \u2018\u2019Quand les territoires allient strat\u00e9gie &amp; comp\u00e9tences\u2019\u2019. UniLaSalle, Comit\u00e9 21, Rennes.   <em><strong>A venir<\/strong><\/em><\/p>\n\n\n\n<p>&#8211;<strong>Lionel Roucan, <\/strong>Th\u00e8me d\u2019intervention&nbsp;:\n\u2018\u2019Une vision territoriale et associative de la mise en \u0153uvre du d\u00e9veloppement\ndurable sur un territoire responsable d\u00e9veloppement durable\u2019\u2019 ville de Cournon\n(63) et pr\u00e9sident de la plateforme 21..<\/p>\n\n\n\n<div class=\"wp-block-file\"><a href=\"http:\/\/reunifedd.fr\/wp-content\/uploads\/2020\/03\/Exp\u00e9riences-territoriales-DD-Cournon-Roucan.pptx\">Exp\u00e9riences territoriales DD Cournon Roucan<\/a><a href=\"http:\/\/reunifedd.fr\/wp-content\/uploads\/2020\/03\/Exp\u00e9riences-territoriales-DD-Cournon-Roucan.pptx\" class=\"wp-block-file__button\" download>T\u00e9l\u00e9charger<\/a><\/div>\n\n\n\n<p>&#8211;<strong>Philippe\nChemla<\/strong>, Responsable du \u2018\u2019Tiers lieu de la Transition Ecologique\nTerritoriale par la Recherche et l\u2019Innovation sociale\u2019\u2019 de la SCIC Tetris.\nSoci\u00e9t\u00e9 Coop\u00e9rative d\u2019Int\u00e9r\u00eat Collectif, et, P\u00f4le Territorial de Coop\u00e9ration\nEconomique, du Pays de Grasse. <strong>Fr\u00e9d\u00e9rique\nP\u00e9pin<\/strong> Chercheure ADEF-AMU.<\/p>\n\n\n\n<div class=\"wp-block-file\"><a href=\"http:\/\/reunifedd.fr\/wp-content\/uploads\/2020\/03\/Chemla-P\u00e9pin-Tiers-lieu-de-transition-ecol-territoriale.ppt\">Chemla P\u00e9pin Tiers lieu de transition ecol territoriale<\/a><a href=\"http:\/\/reunifedd.fr\/wp-content\/uploads\/2020\/03\/Chemla-P\u00e9pin-Tiers-lieu-de-transition-ecol-territoriale.ppt\" class=\"wp-block-file__button\" download>T\u00e9l\u00e9charger<\/a><\/div>\n\n\n\n<p><\/p>\n\n\n\n<p><strong>Fin d\u2019apr\u00e8s midi <\/strong><strong>:<\/strong> <strong>Partie:\npropositions, productions d\u2019outils de formation et de gestion territoriale.<\/strong><\/p>\n\n\n\n<p><strong>16H \u2013 17H&nbsp;: Synth\u00e8se finale&nbsp;:<\/strong><\/p>\n\n\n\n<p><strong>Quelles perspectives pour le projet FECODD, axe\nTerritoire et Territorialit\u00e9&nbsp;?<\/strong><\/p>\n\n\n\n<p>Coordination et contacts: <a href=\"mailto:dominique.francon@univ-amu.fr\">dominique.francon@univ-amu.fr<\/a> et <a href=\"mailto:didier.mulnet@uca.fr\">didier.mulnet@uca.fr<\/a><\/p>\n\n\n\n<p><\/p>\n\n\n\n<ul class=\"wp-block-list\"><li><\/li><\/ul>\n\n\n\n<p><\/p>\n","protected":false},"excerpt":{"rendered":"<p>La page de cet axe n&rsquo;a pas encore \u00e9t\u00e9 actualis\u00e9e, ne laissant apparaitre que le s\u00e9minaire mais pas les travaux du groupe depuis ce s\u00e9minaire. Cela sera fait pour la fin Juin 2020. Le 1er s\u00e9minaire Territoires, Territorialit\u00e9s, parties prenantes et ODD a eu lieu \u00e0 l&rsquo;INSPE Clermont-Auvergne, 36 Avenue Jean Jaur\u00e8s, 63407 Chamali\u00e8res, le vendredi 13 Mars 2020 Vous trouverez ci dessous les pr\u00e9sentations des communicants, mais en raison d&rsquo;un probl\u00e8me son lors de la majeure partie des enregistrements,&#8230;<\/p>\n<p class=\"read-more\"><a class=\"btn btn-default\" href=\"https:\/\/reunifedd.fr\/index.php\/territoire\/\">Lire la suite<span class=\"screen-reader-text\"> Lire la suite<\/span><\/a><\/p>\n","protected":false},"author":2,"featured_media":0,"parent":0,"menu_order":0,"comment_status":"closed","ping_status":"closed","template":"","meta":{"footnotes":""},"class_list":["post-38","page","type-page","status-publish","hentry"],"_links":{"self":[{"href":"https:\/\/reunifedd.fr\/index.php\/wp-json\/wp\/v2\/pages\/38","targetHints":{"allow":["GET"]}}],"collection":[{"href":"https:\/\/reunifedd.fr\/index.php\/wp-json\/wp\/v2\/pages"}],"about":[{"href":"https:\/\/reunifedd.fr\/index.php\/wp-json\/wp\/v2\/types\/page"}],"author":[{"embeddable":true,"href":"https:\/\/reunifedd.fr\/index.php\/wp-json\/wp\/v2\/users\/2"}],"replies":[{"embeddable":true,"href":"https:\/\/reunifedd.fr\/index.php\/wp-json\/wp\/v2\/comments?post=38"}],"version-history":[{"count":7,"href":"https:\/\/reunifedd.fr\/index.php\/wp-json\/wp\/v2\/pages\/38\/revisions"}],"predecessor-version":[{"id":462,"href":"https:\/\/reunifedd.fr\/index.php\/wp-json\/wp\/v2\/pages\/38\/revisions\/462"}],"wp:attachment":[{"href":"https:\/\/reunifedd.fr\/index.php\/wp-json\/wp\/v2\/media?parent=38"}],"curies":[{"name":"wp","href":"https:\/\/api.w.org\/{rel}","templated":true}]}}