{"id":40,"date":"2019-10-26T11:34:27","date_gmt":"2019-10-26T09:34:27","guid":{"rendered":"http:\/\/reunifedd.fr\/?page_id=40"},"modified":"2020-06-17T11:16:35","modified_gmt":"2020-06-17T09:16:35","slug":"biodiversite","status":"publish","type":"page","link":"https:\/\/reunifedd.fr\/index.php\/biodiversite\/","title":{"rendered":"Biodiversit\u00e9"},"content":{"rendered":"\n<p>PAGE EN COURS DE RECONSTRUCTION qui sera finalis\u00e9e pour le 20 JUIN<\/p>\n\n\n\n<p class=\"has-background has-cyan-bluish-gray-background-color\">Les contenus et orientations \u00e9taient initialement adoss\u00e9s au s\u00e9minaire <strong>\u00ab&nbsp;Changements climatiques et Biodiversit\u00e9: comment former et \u00e9duquer pour agir\u00bb<\/strong> pr\u00e9vu les 24 et 25 Mars \u00e0 Agroparitech sur Paris. En raison des probl\u00e8mes \u00e9pid\u00e9miologiques actuels, aucun regroupement ni d\u00e9placement ne saurait \u00eatre envisag\u00e9. TOUT LE TRAVAIL VA DONC SE FAIRE A DISTANCE. Outre les <strong>sp\u00e9cificit\u00e9s <\/strong>li\u00e9es \u00e0 cette entr\u00e9e, seront discut\u00e9es des questions de positionnement de cette th\u00e9matique par rapport \u00e0 l&rsquo;<strong>anthropoc\u00e8ne<\/strong> et donc des <strong>outils <\/strong>propos\u00e9s dans le FECODD. Sera aussi discut\u00e9e dans ce groupe la question des <strong>\u00e9ducations \u00e0 ou pour<\/strong>&#8230;&#8230;<\/p>\n\n\n\n<ul class=\"wp-block-list\"><li>S\u00e9minaire des 8, 9 et 10 JUIN 2020: Clermont Ferrand. Production des outils FECODD (y compris ceux ayant trait \u00e0 la biodiversit\u00e9)<\/li><li>S\u00e9minaire des 15, 16, 17 et 18 JUIN 2020: Aix en Provence et Marseille. (congr\u00e8s de l&rsquo;UICN, pr\u00e9paration des simulations de COP Biodiversit\u00e9 et Changements climatiques, Pr\u00e9paration des module de formation FECODD)<\/li><li>S\u00e9minaires report\u00e9s <\/li><\/ul>\n\n\n\n<p>Cette page n&rsquo;a pas encore \u00e9t\u00e9 actualis\u00e9e (au 27 avril 2020) elle le sera dans les prochains jours&#8230;.<\/p>\n\n\n\n<hr class=\"wp-block-separator\"\/>\n\n\n\n<p class=\"has-normal-font-size\">Si int\u00e9ress\u00e9s vous nous contactez pour participer \u00e0 la construction des outils (listing mail et\/ou forum sur ce site)                      didier.mulnet@uca.fr<\/p>\n\n\n\n<p><\/p>\n","protected":false},"excerpt":{"rendered":"<p>PAGE EN COURS DE RECONSTRUCTION qui sera finalis\u00e9e pour le 20 JUIN Les contenus et orientations \u00e9taient initialement adoss\u00e9s au s\u00e9minaire \u00ab&nbsp;Changements climatiques et Biodiversit\u00e9: comment former et \u00e9duquer pour agir\u00bb pr\u00e9vu les 24 et 25 Mars \u00e0 Agroparitech sur Paris. En raison des probl\u00e8mes \u00e9pid\u00e9miologiques actuels, aucun regroupement ni d\u00e9placement ne saurait \u00eatre envisag\u00e9. TOUT LE TRAVAIL VA DONC SE FAIRE A DISTANCE. Outre les sp\u00e9cificit\u00e9s li\u00e9es \u00e0 cette entr\u00e9e, seront discut\u00e9es des questions de positionnement de cette th\u00e9matique&#8230;<\/p>\n<p class=\"read-more\"><a class=\"btn btn-default\" href=\"https:\/\/reunifedd.fr\/index.php\/biodiversite\/\">Lire la suite<span class=\"screen-reader-text\"> Lire la suite<\/span><\/a><\/p>\n","protected":false},"author":2,"featured_media":0,"parent":0,"menu_order":0,"comment_status":"closed","ping_status":"closed","template":"","meta":{"footnotes":""},"class_list":["post-40","page","type-page","status-publish","hentry"],"_links":{"self":[{"href":"https:\/\/reunifedd.fr\/index.php\/wp-json\/wp\/v2\/pages\/40","targetHints":{"allow":["GET"]}}],"collection":[{"href":"https:\/\/reunifedd.fr\/index.php\/wp-json\/wp\/v2\/pages"}],"about":[{"href":"https:\/\/reunifedd.fr\/index.php\/wp-json\/wp\/v2\/types\/page"}],"author":[{"embeddable":true,"href":"https:\/\/reunifedd.fr\/index.php\/wp-json\/wp\/v2\/users\/2"}],"replies":[{"embeddable":true,"href":"https:\/\/reunifedd.fr\/index.php\/wp-json\/wp\/v2\/comments?post=40"}],"version-history":[{"count":9,"href":"https:\/\/reunifedd.fr\/index.php\/wp-json\/wp\/v2\/pages\/40\/revisions"}],"predecessor-version":[{"id":488,"href":"https:\/\/reunifedd.fr\/index.php\/wp-json\/wp\/v2\/pages\/40\/revisions\/488"}],"wp:attachment":[{"href":"https:\/\/reunifedd.fr\/index.php\/wp-json\/wp\/v2\/media?parent=40"}],"curies":[{"name":"wp","href":"https:\/\/api.w.org\/{rel}","templated":true}]}}