{"id":42,"date":"2019-10-26T11:34:39","date_gmt":"2019-10-26T09:34:39","guid":{"rendered":"http:\/\/reunifedd.fr\/?page_id=42"},"modified":"2020-03-16T16:31:59","modified_gmt":"2020-03-16T15:31:59","slug":"climat","status":"publish","type":"page","link":"https:\/\/reunifedd.fr\/index.php\/climat\/","title":{"rendered":"Changements Climatiques"},"content":{"rendered":"\n<p class=\"has-background has-cyan-bluish-gray-background-color\"> Les contenus et orientations \u00e9taient initialement adoss\u00e9s au s\u00e9minaire <strong>\u00ab&nbsp;Changements climatiques et Biodiversit\u00e9: comment former et \u00e9duquer pour agir\u00bb<\/strong>  pr\u00e9vu les 24 et 25 Mars \u00e0 Agroparitech sur Paris. En raison des  probl\u00e8mes \u00e9pid\u00e9miologiques actuels, aucun regroupement ni d\u00e9placement ne  saurait \u00eatre envisag\u00e9. TOUT LE TRAVAIL VA DONC SE FAIRE A DISTANCE.  Outre les <strong>sp\u00e9cificit\u00e9s <\/strong>li\u00e9es \u00e0 cette entr\u00e9e, seront discut\u00e9es des questions de positionnement de cette th\u00e9matique par rapport \u00e0 l&rsquo;<strong>anthropoc\u00e8ne<\/strong> et donc des <strong>outils <\/strong>propos\u00e9s dans le FECODD. Sera aussi discut\u00e9e dans ce groupe la question des <strong>\u00e9ducations \u00e0 ou pour<\/strong>&#8230;&#8230; <\/p>\n\n\n\n<ul class=\"wp-block-list\"><li>S\u00e9minaire des 8, 9 et 10 JUIN 2020: Clermont Ferrand. Production  des outils FECODD (y compris ceux ayant trait aux changements climatiques)<\/li><li>S\u00e9minaire  des 15, 16, 17 et 18 JUIN 2020: Aix en Provence et Marseille. (congr\u00e8s  de l\u2019UICN, pr\u00e9paration des simulations de COP Biodiversit\u00e9 et  Changements climatiques, Pr\u00e9paration des module de formation FECODD int\u00e9grant les entr\u00e9es changements climatiques)<\/li><\/ul>\n\n\n\n<p> Si int\u00e9ress\u00e9s vous nous contactez pour participer \u00e0 la construction des  outils (listing mail et\/ou forum sur ce site)                       didier.mulnet@uca.fr <\/p>\n","protected":false},"excerpt":{"rendered":"<p>Les contenus et orientations \u00e9taient initialement adoss\u00e9s au s\u00e9minaire \u00ab&nbsp;Changements climatiques et Biodiversit\u00e9: comment former et \u00e9duquer pour agir\u00bb pr\u00e9vu les 24 et 25 Mars \u00e0 Agroparitech sur Paris. En raison des probl\u00e8mes \u00e9pid\u00e9miologiques actuels, aucun regroupement ni d\u00e9placement ne saurait \u00eatre envisag\u00e9. TOUT LE TRAVAIL VA DONC SE FAIRE A DISTANCE. Outre les sp\u00e9cificit\u00e9s li\u00e9es \u00e0 cette entr\u00e9e, seront discut\u00e9es des questions de positionnement de cette th\u00e9matique par rapport \u00e0 l&rsquo;anthropoc\u00e8ne et donc des outils propos\u00e9s dans le FECODD&#8230;.<\/p>\n<p class=\"read-more\"><a class=\"btn btn-default\" href=\"https:\/\/reunifedd.fr\/index.php\/climat\/\">Lire la suite<span class=\"screen-reader-text\"> Lire la suite<\/span><\/a><\/p>\n","protected":false},"author":2,"featured_media":0,"parent":0,"menu_order":0,"comment_status":"closed","ping_status":"closed","template":"","meta":{"footnotes":""},"class_list":["post-42","page","type-page","status-publish","hentry"],"_links":{"self":[{"href":"https:\/\/reunifedd.fr\/index.php\/wp-json\/wp\/v2\/pages\/42","targetHints":{"allow":["GET"]}}],"collection":[{"href":"https:\/\/reunifedd.fr\/index.php\/wp-json\/wp\/v2\/pages"}],"about":[{"href":"https:\/\/reunifedd.fr\/index.php\/wp-json\/wp\/v2\/types\/page"}],"author":[{"embeddable":true,"href":"https:\/\/reunifedd.fr\/index.php\/wp-json\/wp\/v2\/users\/2"}],"replies":[{"embeddable":true,"href":"https:\/\/reunifedd.fr\/index.php\/wp-json\/wp\/v2\/comments?post=42"}],"version-history":[{"count":6,"href":"https:\/\/reunifedd.fr\/index.php\/wp-json\/wp\/v2\/pages\/42\/revisions"}],"predecessor-version":[{"id":243,"href":"https:\/\/reunifedd.fr\/index.php\/wp-json\/wp\/v2\/pages\/42\/revisions\/243"}],"wp:attachment":[{"href":"https:\/\/reunifedd.fr\/index.php\/wp-json\/wp\/v2\/media?parent=42"}],"curies":[{"name":"wp","href":"https:\/\/api.w.org\/{rel}","templated":true}]}}