{"id":468,"date":"2020-06-11T16:52:49","date_gmt":"2020-06-11T14:52:49","guid":{"rendered":"http:\/\/reunifedd.fr\/?page_id=468"},"modified":"2020-09-18T16:54:53","modified_gmt":"2020-09-18T14:54:53","slug":"modules-de-formation","status":"publish","type":"page","link":"https:\/\/reunifedd.fr\/index.php\/modules-de-formation\/","title":{"rendered":"Modules de formation"},"content":{"rendered":"\n<p>Le R\u00e9UniFEDD va proposer plusieurs types de formation de formateur.<\/p>\n\n\n\n<p>les coll\u00e8gues int\u00e9ress\u00e9s se manifesteront. D&rsquo;ici fin Septembre 2020 vous trouverez ici plusieurs propositions.<\/p>\n","protected":false},"excerpt":{"rendered":"<p>Le R\u00e9UniFEDD va proposer plusieurs types de formation de formateur. les coll\u00e8gues int\u00e9ress\u00e9s se manifesteront. D&rsquo;ici fin Septembre 2020 vous trouverez ici plusieurs propositions.<\/p>\n","protected":false},"author":1,"featured_media":480,"parent":0,"menu_order":0,"comment_status":"closed","ping_status":"closed","template":"","meta":{"footnotes":""},"class_list":["post-468","page","type-page","status-publish","has-post-thumbnail","hentry"],"_links":{"self":[{"href":"https:\/\/reunifedd.fr\/index.php\/wp-json\/wp\/v2\/pages\/468","targetHints":{"allow":["GET"]}}],"collection":[{"href":"https:\/\/reunifedd.fr\/index.php\/wp-json\/wp\/v2\/pages"}],"about":[{"href":"https:\/\/reunifedd.fr\/index.php\/wp-json\/wp\/v2\/types\/page"}],"author":[{"embeddable":true,"href":"https:\/\/reunifedd.fr\/index.php\/wp-json\/wp\/v2\/users\/1"}],"replies":[{"embeddable":true,"href":"https:\/\/reunifedd.fr\/index.php\/wp-json\/wp\/v2\/comments?post=468"}],"version-history":[{"count":2,"href":"https:\/\/reunifedd.fr\/index.php\/wp-json\/wp\/v2\/pages\/468\/revisions"}],"predecessor-version":[{"id":511,"href":"https:\/\/reunifedd.fr\/index.php\/wp-json\/wp\/v2\/pages\/468\/revisions\/511"}],"wp:featuredmedia":[{"embeddable":true,"href":"https:\/\/reunifedd.fr\/index.php\/wp-json\/wp\/v2\/media\/480"}],"wp:attachment":[{"href":"https:\/\/reunifedd.fr\/index.php\/wp-json\/wp\/v2\/media?parent=468"}],"curies":[{"name":"wp","href":"https:\/\/api.w.org\/{rel}","templated":true}]}}