{"id":525,"date":"2021-01-02T16:35:44","date_gmt":"2021-01-02T15:35:44","guid":{"rendered":"http:\/\/reunifedd.fr\/?page_id=525"},"modified":"2026-01-19T11:31:54","modified_gmt":"2026-01-19T10:31:54","slug":"ressources","status":"publish","type":"page","link":"https:\/\/reunifedd.fr\/index.php\/ressources\/","title":{"rendered":"Ressources"},"content":{"rendered":"\n<p>Pour avoir acc\u00e8s aux ressources des ann\u00e9es pass\u00e9es, utilisez les onglets \u00e0 partir du bandeau.<\/p>\n","protected":false},"excerpt":{"rendered":"<p>Pour avoir acc\u00e8s aux ressources des ann\u00e9es pass\u00e9es, utilisez les onglets \u00e0 partir du bandeau.<\/p>\n","protected":false},"author":2,"featured_media":0,"parent":0,"menu_order":0,"comment_status":"closed","ping_status":"closed","template":"","meta":{"footnotes":""},"class_list":["post-525","page","type-page","status-publish","hentry"],"_links":{"self":[{"href":"https:\/\/reunifedd.fr\/index.php\/wp-json\/wp\/v2\/pages\/525","targetHints":{"allow":["GET"]}}],"collection":[{"href":"https:\/\/reunifedd.fr\/index.php\/wp-json\/wp\/v2\/pages"}],"about":[{"href":"https:\/\/reunifedd.fr\/index.php\/wp-json\/wp\/v2\/types\/page"}],"author":[{"embeddable":true,"href":"https:\/\/reunifedd.fr\/index.php\/wp-json\/wp\/v2\/users\/2"}],"replies":[{"embeddable":true,"href":"https:\/\/reunifedd.fr\/index.php\/wp-json\/wp\/v2\/comments?post=525"}],"version-history":[{"count":2,"href":"https:\/\/reunifedd.fr\/index.php\/wp-json\/wp\/v2\/pages\/525\/revisions"}],"predecessor-version":[{"id":1379,"href":"https:\/\/reunifedd.fr\/index.php\/wp-json\/wp\/v2\/pages\/525\/revisions\/1379"}],"wp:attachment":[{"href":"https:\/\/reunifedd.fr\/index.php\/wp-json\/wp\/v2\/media?parent=525"}],"curies":[{"name":"wp","href":"https:\/\/api.w.org\/{rel}","templated":true}]}}