{"id":539,"date":"2021-01-02T16:57:06","date_gmt":"2021-01-02T15:57:06","guid":{"rendered":"http:\/\/reunifedd.fr\/?page_id=539"},"modified":"2023-04-12T17:36:11","modified_gmt":"2023-04-12T15:36:11","slug":"syntheses","status":"publish","type":"page","link":"https:\/\/reunifedd.fr\/index.php\/syntheses\/","title":{"rendered":"S\u00e9minaires FECODD\/R\u00e9UniFEDD"},"content":{"rendered":"\n<h1 class=\"wp-block-heading\">S\u00e9minaire \u00e9ducatio<strong>n \u00e0 du mercredi 2 Mars 14h 17h<\/strong><\/h1>\n\n\n\n<div data-wp-interactive=\"core\/file\" class=\"wp-block-file\"><object data-wp-bind--hidden=\"!state.hasPdfPreview\" hidden class=\"wp-block-file__embed\" data=\"http:\/\/reunifedd.fr\/wp-content\/uploads\/2022\/03\/Documents-discussion-seminaire-educations-a-Mulnet.pdf\" type=\"application\/pdf\" style=\"width:100%;height:600px\" aria-label=\"Contenu embarqu\u00e9 Contenu embarqu\u00e9 Documents-discussion-seminaire-educations-a-Mulnet..\"><\/object><a href=\"http:\/\/reunifedd.fr\/wp-content\/uploads\/2022\/03\/Documents-discussion-seminaire-educations-a-Mulnet.pdf\">Documents-discussion-seminaire-educations-a-Mulnet<\/a><a href=\"http:\/\/reunifedd.fr\/wp-content\/uploads\/2022\/03\/Documents-discussion-seminaire-educations-a-Mulnet.pdf\" class=\"wp-block-file__button\" download>T\u00e9l\u00e9charger<\/a><\/div>\n\n\n\n<div data-wp-interactive=\"core\/file\" class=\"wp-block-file\"><object data-wp-bind--hidden=\"!state.hasPdfPreview\" hidden class=\"wp-block-file__embed\" data=\"http:\/\/reunifedd.fr\/wp-content\/uploads\/2022\/03\/FECODD_Legardez_educationsa-QSV-seminaire-du-2-mars-2022.pdf\" type=\"application\/pdf\" style=\"width:100%;height:600px\" aria-label=\"Contenu embarqu\u00e9 Contenu embarqu\u00e9 FECODD_Legardez_educationsa-QSV-seminaire-du-2-mars-2022..\"><\/object><a href=\"http:\/\/reunifedd.fr\/wp-content\/uploads\/2022\/03\/FECODD_Legardez_educationsa-QSV-seminaire-du-2-mars-2022.pdf\">FECODD_Legardez_educationsa-QSV-seminaire-du-2-mars-2022<\/a><a href=\"http:\/\/reunifedd.fr\/wp-content\/uploads\/2022\/03\/FECODD_Legardez_educationsa-QSV-seminaire-du-2-mars-2022.pdf\" class=\"wp-block-file__button\" download>T\u00e9l\u00e9charger<\/a><\/div>\n\n\n\n<div data-wp-interactive=\"core\/file\" class=\"wp-block-file\"><object data-wp-bind--hidden=\"!state.hasPdfPreview\" hidden class=\"wp-block-file__embed\" data=\"http:\/\/reunifedd.fr\/wp-content\/uploads\/2022\/03\/Cadrage-general-Francine.pdf\" type=\"application\/pdf\" style=\"width:100%;height:600px\" aria-label=\"Contenu embarqu\u00e9 Contenu embarqu\u00e9 Cadrage-general-Francine..\"><\/object><a href=\"http:\/\/reunifedd.fr\/wp-content\/uploads\/2022\/03\/Cadrage-general-Francine.pdf\">Cadrage-general-Francine<\/a><a href=\"http:\/\/reunifedd.fr\/wp-content\/uploads\/2022\/03\/Cadrage-general-Francine.pdf\" class=\"wp-block-file__button\" download>T\u00e9l\u00e9charger<\/a><\/div>\n\n\n\n<div data-wp-interactive=\"core\/file\" class=\"wp-block-file\"><object data-wp-bind--hidden=\"!state.hasPdfPreview\" hidden class=\"wp-block-file__embed\" data=\"http:\/\/reunifedd.fr\/wp-content\/uploads\/2022\/03\/2022GibertBiodiversite\u0301-education-biodiversite.pdf\" type=\"application\/pdf\" style=\"width:100%;height:600px\" aria-label=\"Contenu embarqu\u00e9 Contenu embarqu\u00e9 2022GibertBiodiversite\u0301-education-biodiversite..\"><\/object><a href=\"http:\/\/reunifedd.fr\/wp-content\/uploads\/2022\/03\/2022GibertBiodiversite\u0301-education-biodiversite.pdf\">2022GibertBiodiversite\u0301-education-biodiversite<\/a><a href=\"http:\/\/reunifedd.fr\/wp-content\/uploads\/2022\/03\/2022GibertBiodiversite\u0301-education-biodiversite.pdf\" class=\"wp-block-file__button\" download>T\u00e9l\u00e9charger<\/a><\/div>\n\n\n\n<p>SEMINAIRE  COMPETENCES n\u00b01 du mercredi 16 Mars  documents non mis en ligne<\/p>\n\n\n\n<p>SEMINAIRE EDUCATION A n\u00b02  du 1 AVRIL 14h 17h:   documents non mis en ligne<\/p>\n\n\n\n<p>SEMINAIRE COMPETENCE n\u00b02 du 5 AVRIL MATIN 9h 12h  documents non mis en ligne<\/p>\n","protected":false},"excerpt":{"rendered":"<p>S\u00e9minaire \u00e9ducation \u00e0 du mercredi 2 Mars 14h 17h SEMINAIRE COMPETENCES n\u00b01 du mercredi 16 Mars documents non mis en ligne SEMINAIRE EDUCATION A n\u00b02 du 1 AVRIL 14h 17h: documents non mis en ligne SEMINAIRE COMPETENCE n\u00b02 du 5 AVRIL MATIN 9h 12h documents non mis en ligne<\/p>\n","protected":false},"author":2,"featured_media":0,"parent":0,"menu_order":0,"comment_status":"closed","ping_status":"closed","template":"","meta":{"footnotes":""},"class_list":["post-539","page","type-page","status-publish","hentry"],"_links":{"self":[{"href":"https:\/\/reunifedd.fr\/index.php\/wp-json\/wp\/v2\/pages\/539","targetHints":{"allow":["GET"]}}],"collection":[{"href":"https:\/\/reunifedd.fr\/index.php\/wp-json\/wp\/v2\/pages"}],"about":[{"href":"https:\/\/reunifedd.fr\/index.php\/wp-json\/wp\/v2\/types\/page"}],"author":[{"embeddable":true,"href":"https:\/\/reunifedd.fr\/index.php\/wp-json\/wp\/v2\/users\/2"}],"replies":[{"embeddable":true,"href":"https:\/\/reunifedd.fr\/index.php\/wp-json\/wp\/v2\/comments?post=539"}],"version-history":[{"count":9,"href":"https:\/\/reunifedd.fr\/index.php\/wp-json\/wp\/v2\/pages\/539\/revisions"}],"predecessor-version":[{"id":1213,"href":"https:\/\/reunifedd.fr\/index.php\/wp-json\/wp\/v2\/pages\/539\/revisions\/1213"}],"wp:attachment":[{"href":"https:\/\/reunifedd.fr\/index.php\/wp-json\/wp\/v2\/media?parent=539"}],"curies":[{"name":"wp","href":"https:\/\/api.w.org\/{rel}","templated":true}]}}