{"id":557,"date":"2021-01-02T17:05:30","date_gmt":"2021-01-02T16:05:30","guid":{"rendered":"http:\/\/reunifedd.fr\/?page_id=557"},"modified":"2022-12-19T18:28:57","modified_gmt":"2022-12-19T17:28:57","slug":"webtv-odd","status":"publish","type":"page","link":"https:\/\/reunifedd.fr\/index.php\/webtv-odd\/","title":{"rendered":"ODD et OPDD"},"content":{"rendered":"\n<p class=\"has-background\" style=\"background-color:#e7f4fa\">Vous trouverez ci dessous plusieurs liens ou documents de base pour aborder les Objectifs du D\u00e9veloppement Durable:<\/p>\n\n\n\n<p>Site du Minist\u00e8re de l&rsquo;\u00e9cologie   <a href=\"https:\/\/www.ecologie.gouv.fr\/ODD\">https:\/\/www.ecologie.gouv.fr\/ODD<\/a><\/p>\n\n\n\n<div class=\"wp-block-file\"><a href=\"http:\/\/reunifedd.fr\/wp-content\/uploads\/2021\/01\/Liste_des_17_ODD_et_169_cibles_-_web.pdf\">Liste_des_17_ODD_et_169_cibles_-_web<\/a><a href=\"http:\/\/reunifedd.fr\/wp-content\/uploads\/2021\/01\/Liste_des_17_ODD_et_169_cibles_-_web.pdf\" class=\"wp-block-file__button\" download>Download<\/a><\/div>\n\n\n\n<div class=\"wp-block-file\"><a href=\"http:\/\/reunifedd.fr\/wp-content\/uploads\/2021\/04\/Unesco-education-ODD.pdf\">Unesco-education-ODD<\/a><a href=\"http:\/\/reunifedd.fr\/wp-content\/uploads\/2021\/04\/Unesco-education-ODD.pdf\" class=\"wp-block-file__button\" download>Download<\/a><\/div>\n\n\n\n<div class=\"wp-block-file\"><a href=\"http:\/\/reunifedd.fr\/wp-content\/uploads\/2021\/04\/Livret-ODD_190926-HD_Final.pdf\">Livret-ODD_190926-HD_Final<\/a><a href=\"http:\/\/reunifedd.fr\/wp-content\/uploads\/2021\/04\/Livret-ODD_190926-HD_Final.pdf\" class=\"wp-block-file__button\" download>Download<\/a><\/div>\n\n\n\n<p>Site INSEE  <a href=\"https:\/\/www.insee.fr\/fr\/statistiques\/2654964\">https:\/\/www.insee.fr\/fr\/statistiques\/2654964<\/a><\/p>\n\n\n\n<p>Indicateurs pour le suivi national des objectifs de d\u00e9veloppement durable <\/p>\n\n\n\n<div class=\"wp-block-file\"><a href=\"http:\/\/reunifedd.fr\/wp-content\/uploads\/2021\/04\/Copie-de-liste_nationale_iODD_2020-1.xlsx\">Copie-de-liste_nationale_iODD_2020-1<\/a><a href=\"http:\/\/reunifedd.fr\/wp-content\/uploads\/2021\/04\/Copie-de-liste_nationale_iODD_2020-1.xlsx\" class=\"wp-block-file__button\" download>Download<\/a><\/div>\n\n\n\n<p class=\"has-background\" style=\"background-color:#e0eff6\">R\u00e9\u00e9criture P\u00c9DAGOGIQUE des Objectifs du D\u00e9veloppement Durable. <\/p>\n\n\n\n<p class=\"has-small-font-size\">Les documents pr\u00e9sent\u00e9s ci dessous ont \u00e9t\u00e9 produits de fa\u00e7on coll\u00e9giale au sein d&rsquo;un petit groupe d&rsquo;une trentaine de personnes  de plusieurs pays de Nord et Sud, formateurs, enseignants et\/ou partenaires associatifs avec une synth\u00e8se r\u00e9alis\u00e9e par l&rsquo;un des membres du groupes. Ces documents, pr\u00e9sent\u00e9s et discut\u00e9s lors du s\u00e9minaire de<strong> Janvier 2021 <\/strong><a href=\"http:\/\/reunifedd.fr\/index.php\/seminaire-reecriture-pedagogique-des-17-odd\/\">http:\/\/reunifedd.fr\/index.php\/seminaire-reecriture-pedagogique-des-17-odd\/<\/a> sont des <strong>documents de TRAVAIL non finalis\u00e9s<\/strong>. Ils ne seront finalis\u00e9s qu&rsquo;en Juillet apr\u00e8s le colloque FECODD. Ils sont utilisables par les formateurs (en citant les auteurs , l&rsquo;adresse de t\u00e9l\u00e9chargement, le dispositif FECODD et le fait qu&rsquo;il ne s&rsquo;agit que de documents de travail pour le moment. Tous les participants au FECODD sont invit\u00e9 \u00e0 collaborer \u00e0 leur finalisation, diversification (cf partie appel \u00e0 propjet <\/p>\n\n\n\n<p>Tous ces documents sont pr\u00e9sent\u00e9s sensiblement de la m\u00eame fa\u00e7on: colonne 1  items principaux du Global Compact, colonne 2 Objectifs en terme de savoirs (connaissances, notions), colonne 3 objectifs en termes de comp\u00e9tences (au sens large) et d&rsquo;\u00e9ducation \u00e0 (souvent) et colonne 4 des exemples associ\u00e9s (avec ou sans les comp\u00e9tences professionnelles associ\u00e9es)<\/p>\n\n\n\n<p><strong>Dans la version finale du mois de Juillet, tout ceci sera homog\u00e9n\u00e9is\u00e9. Par ailleurs nous serons amen\u00e9s \u00e0 rajouter une 4eme colonne o\u00f9 \u00e0 la suite de chaque exemple nous pr\u00e9ciserons la ou les  comp\u00e9tences professionnelles cibl\u00e9es (mais qui d\u00e9pendent de la nature et de l&rsquo;\u00e2ge du public)<\/strong>. <strong>Tout ceci a \u00e9t\u00e9 pr\u00e9cis\u00e9 lors du s\u00e9minaire de Janvier 2021<\/strong>.  Les ODD 5, 7 , 11 et 13 sont en, cours de r\u00e9daction pour proposer un nouveau mode de pr\u00e9sentation conforme \u00e0 ces objectifs.<\/p>\n\n\n\n<p><\/p>\n\n\n\n<div class=\"wp-block-file\"><a href=\"http:\/\/reunifedd.fr\/wp-content\/uploads\/2021\/04\/ODD-1-Pauvret\u00e9.pdf\">ODD-1-Pauvret\u00e9<\/a><a href=\"http:\/\/reunifedd.fr\/wp-content\/uploads\/2021\/04\/ODD-1-Pauvret\u00e9.pdf\" class=\"wp-block-file__button\" download>Download<\/a><\/div>\n\n\n\n<div class=\"wp-block-file\"><a href=\"http:\/\/reunifedd.fr\/wp-content\/uploads\/2021\/04\/ODD-2-Faim-zero.pdf\">ODD-2-Faim-zero<\/a><a href=\"http:\/\/reunifedd.fr\/wp-content\/uploads\/2021\/04\/ODD-2-Faim-zero.pdf\" class=\"wp-block-file__button\" download>Download<\/a><\/div>\n\n\n\n<div class=\"wp-block-file\"><a href=\"http:\/\/reunifedd.fr\/wp-content\/uploads\/2021\/04\/ODD-3-Sant\u00e9-bien-etre.pdf\">ODD-3-Sant\u00e9-bien-etre<\/a><a href=\"http:\/\/reunifedd.fr\/wp-content\/uploads\/2021\/04\/ODD-3-Sant\u00e9-bien-etre.pdf\" class=\"wp-block-file__button\" download>Download<\/a><\/div>\n\n\n\n<div class=\"wp-block-file\"><a href=\"http:\/\/reunifedd.fr\/wp-content\/uploads\/2021\/04\/ODD-4-Education-de-qualit\u00e9.pdf\">ODD-4-Education-de-qualit\u00e9<\/a><a href=\"http:\/\/reunifedd.fr\/wp-content\/uploads\/2021\/04\/ODD-4-Education-de-qualit\u00e9.pdf\" class=\"wp-block-file__button\" download>Download<\/a><\/div>\n\n\n\n<div class=\"wp-block-file\"><a href=\"http:\/\/reunifedd.fr\/wp-content\/uploads\/2021\/04\/ODD5-Egalit\u00e9-entre-les-sexes.pdf\" target=\"_blank\" rel=\"noreferrer noopener\">ODD5-Egalit\u00e9-entre-les-sexes<\/a><a href=\"http:\/\/reunifedd.fr\/wp-content\/uploads\/2021\/04\/ODD5-Egalit\u00e9-entre-les-sexes.pdf\" class=\"wp-block-file__button\" download>T\u00e9l\u00e9charger<\/a><\/div>\n\n\n\n<div class=\"wp-block-file\"><a href=\"http:\/\/reunifedd.fr\/wp-content\/uploads\/2021\/04\/ODD-6-Eau-assainissement-et-gestion-de-leau..pdf\">ODD-6-Eau-assainissement-et-gestion-de-leau.<\/a><a href=\"http:\/\/reunifedd.fr\/wp-content\/uploads\/2021\/04\/ODD-6-Eau-assainissement-et-gestion-de-leau..pdf\" class=\"wp-block-file__button\" download>Download<\/a><\/div>\n\n\n\n<div class=\"wp-block-file\"><a href=\"http:\/\/reunifedd.fr\/wp-content\/uploads\/2021\/04\/ODD-8-Travail-d\u00e9cent-et-croissance-\u00e9conomique.pdf\">ODD-8-Travail-d\u00e9cent-et-croissance-\u00e9conomique<\/a><a href=\"http:\/\/reunifedd.fr\/wp-content\/uploads\/2021\/04\/ODD-8-Travail-d\u00e9cent-et-croissance-\u00e9conomique.pdf\" class=\"wp-block-file__button\" download>Download<\/a><\/div>\n\n\n\n<div class=\"wp-block-file\"><a href=\"http:\/\/reunifedd.fr\/wp-content\/uploads\/2021\/04\/ODD-9-Infrastructure-r\u00e9siliente-industrialisation-et-innovation.pdf\">ODD-9-Infrastructure-r\u00e9siliente-industrialisation-et-innovation<\/a><a href=\"http:\/\/reunifedd.fr\/wp-content\/uploads\/2021\/04\/ODD-9-Infrastructure-r\u00e9siliente-industrialisation-et-innovation.pdf\" class=\"wp-block-file__button\" download>Download<\/a><\/div>\n\n\n\n<div class=\"wp-block-file\"><a href=\"http:\/\/reunifedd.fr\/wp-content\/uploads\/2021\/04\/ODD-10-R\u00e9duction-des-in\u00e9galit\u00e9s.pdf\">ODD-10-R\u00e9duction-des-in\u00e9galit\u00e9s<\/a><a href=\"http:\/\/reunifedd.fr\/wp-content\/uploads\/2021\/04\/ODD-10-R\u00e9duction-des-in\u00e9galit\u00e9s.pdf\" class=\"wp-block-file__button\" download>Download<\/a><\/div>\n\n\n\n<div class=\"wp-block-file\"><a href=\"http:\/\/reunifedd.fr\/wp-content\/uploads\/2021\/04\/ODD-12-Consommation-et-productions-responsables.pdf\">ODD-12-Consommation-et-productions-responsables<\/a><a href=\"http:\/\/reunifedd.fr\/wp-content\/uploads\/2021\/04\/ODD-12-Consommation-et-productions-responsables.pdf\" class=\"wp-block-file__button\" download>Download<\/a><\/div>\n\n\n\n<div class=\"wp-block-file\"><a href=\"http:\/\/reunifedd.fr\/wp-content\/uploads\/2021\/04\/ODD-14-Vie-marine.pdf\">ODD-14-Vie-marine<\/a><a href=\"http:\/\/reunifedd.fr\/wp-content\/uploads\/2021\/04\/ODD-14-Vie-marine.pdf\" class=\"wp-block-file__button\" download>Download<\/a><\/div>\n\n\n\n<div class=\"wp-block-file\"><a href=\"http:\/\/reunifedd.fr\/wp-content\/uploads\/2021\/04\/ODD-15_Vie-terrestre.pdf\">ODD-15_Vie-terrestre<\/a><a href=\"http:\/\/reunifedd.fr\/wp-content\/uploads\/2021\/04\/ODD-15_Vie-terrestre.pdf\" class=\"wp-block-file__button\" download>Download<\/a><\/div>\n\n\n\n<div class=\"wp-block-file\"><a href=\"http:\/\/reunifedd.fr\/wp-content\/uploads\/2021\/04\/ODD-16_Justice-et-Paix.pdf\">ODD-16_Justice-et-Paix<\/a><a href=\"http:\/\/reunifedd.fr\/wp-content\/uploads\/2021\/04\/ODD-16_Justice-et-Paix.pdf\" class=\"wp-block-file__button\" download>Download<\/a><\/div>\n\n\n\n<div class=\"wp-block-file\"><a href=\"http:\/\/reunifedd.fr\/wp-content\/uploads\/2021\/04\/ODD-17-Partenariats.pdf\">ODD-17-Partenariats<\/a><a href=\"http:\/\/reunifedd.fr\/wp-content\/uploads\/2021\/04\/ODD-17-Partenariats.pdf\" class=\"wp-block-file__button\" download>Download<\/a><\/div>\n\n\n\n<p class=\"has-background\" style=\"background-color:#d8edf6\">OBJECTIFS POUR le MOIS DE JUILLET 2021:<\/p>\n\n\n\n<p class=\"has-medium-font-size\">1\u00b0 FINALISER LA R\u00c9DACTION P\u00c9DAGOGIQUE DE CHACUN DES ODD selon les indications pr\u00e9cis\u00e9es ci dessus.<\/p>\n\n\n\n<p class=\"has-medium-font-size\">2\u00b0 ADAPTER CES OPDD \u00e0 diff\u00e9rents contextes en les simplifiant ou en les complexifiant selon la nature et l&rsquo;age du public. Exemple propos\u00e9 par Quentin VEDRENNE (acad\u00e9mie de Cr\u00e9teil) pour en proposer une lecture tr\u00e8s simplifi\u00e9e \u00e0 destination d&rsquo;enseignants\/formateurs du secondaire.<\/p>\n\n\n\n<div class=\"wp-block-file\"><a href=\"http:\/\/reunifedd.fr\/wp-content\/uploads\/2022\/12\/Livret-100-OPDD-VEDRENNE-Q.-26.06.22.pdf\" target=\"_blank\" rel=\"noreferrer noopener\">Livret 100 OPDD \/ VEDRENNE Q. (version 26.06.22)<\/a><a href=\"http:\/\/reunifedd.fr\/wp-content\/uploads\/2022\/12\/Livret-100-OPDD-VEDRENNE-Q.-26.06.22.pdf\" class=\"wp-block-file__button\" download>T\u00e9l\u00e9charger<\/a><\/div>\n\n\n\n<p class=\"has-medium-font-size\">3\u00b0 Proposer des outils de croisement entre les ODD (\u00e0 venir)<\/p>\n\n\n\n<p class=\"has-medium-font-size\">4\u00b0 Proposer des sc\u00e9narios pour int\u00e9grer les ODD dans nos d\u00e9marches et projets:<\/p>\n\n\n\n<p style=\"font-size:-3px\"><strong>Outil-test&nbsp;propos\u00e9 par Alain Legardez et Maryse Cadet-Mieze :<\/strong> <strong><em>\u00ab&nbsp;Fiche m\u00e9thodologique&nbsp;pour l&rsquo;utilisation des ODD&nbsp; et des comp\u00e9tences DD&amp;RS dans la formation des enseignants \u00bb   Proposition de strat\u00e9gie de formation et illustrations sur&nbsp;les changements climatiques (ODD 13) et la pr\u00e9servation de la biodiversit\u00e9 (ODD 14 et 15)<\/em><\/strong> <\/p>\n\n\n\n<p class=\"has-small-font-size\"><strong>Nature et objectif de l\u2019outil et hypoth\u00e8se de recherche-formation <em>Cette fiche m\u00e9thodologique <\/em><\/strong><em>n\u2019est ni un guide qu\u2019il faudrait ou suffirait de suivre, ni un \u00ab toolkit \u00bb au sens d\u2019un outil pr\u00eat \u00e0 l\u2019emploi, mais bien un ensemble de suggestions d\u2019utilisations d\u2019outils qu\u2019il serait n\u00e9cessaire de critiquer et d\u2019adapter ou de transposer en fonction des contextes de formation et en fonction des objectifs des responsables des formations. <strong>Ces outils m\u00e9thodologiques<\/strong>, propos\u00e9s dans une perspective de recherches-formations collaboratives dans le cadre du projet FECODD, visent \u00e0 permettre de mieux \u00e9clairer les formateurs et les enseignants dans la construction de leurs strat\u00e9gies didactiques et p\u00e9dagogiques. <strong>L\u2019hypoth\u00e8se<\/strong> \u2013 d\u00e9clinaison du projet FECODD et issue de travaux de recherches qui donnent lieu \u00e0 des exp\u00e9rimentations \u2013 est la suivante : L&rsquo;utilisation du prisme des ODD et la prise en compte des comp\u00e9tences DD peuvent permettre de rendre plus efficaces les formations aux \u00e9ducations \u00e0 la citoyennet\u00e9 et au d\u00e9veloppement durable, notamment en valorisant la cr\u00e9ativit\u00e9, l\u2019esprit critique et l\u2019utilisation de nouveaux outils ainsi que les&nbsp; partenariats. <\/em><\/p>\n\n\n\n<div class=\"wp-block-file\"><a href=\"http:\/\/reunifedd.fr\/wp-content\/uploads\/2021\/04\/Fiche-m\u00e9thodologique-FECODD_-Alain-Legardez-Maryse-Cadet-Miezebis-2.pdf\">Fiche-m\u00e9thodologique-FECODD_-Alain-Legardez-Maryse-Cadet-Miezebis-2<\/a><a href=\"http:\/\/reunifedd.fr\/wp-content\/uploads\/2021\/04\/Fiche-m\u00e9thodologique-FECODD_-Alain-Legardez-Maryse-Cadet-Miezebis-2.pdf\" class=\"wp-block-file__button\" download>Download<\/a><\/div>\n\n\n\n<p>Un certains nombre de documents et vid\u00e9os vont venir alimenter cette rubrique d&rsquo;ici le mois de Juin&#8230;.en amont du colloque des 7 et 8 Juillet 2021.<\/p>\n","protected":false},"excerpt":{"rendered":"<p>Vous trouverez ci dessous plusieurs liens ou documents de base pour aborder les Objectifs du D\u00e9veloppement Durable: Site du Minist\u00e8re de l&rsquo;\u00e9cologie https:\/\/www.ecologie.gouv.fr\/ODD Site INSEE https:\/\/www.insee.fr\/fr\/statistiques\/2654964 Indicateurs pour le suivi national des objectifs de d\u00e9veloppement durable R\u00e9\u00e9criture P\u00c9DAGOGIQUE des Objectifs du D\u00e9veloppement Durable. Les documents pr\u00e9sent\u00e9s ci dessous ont \u00e9t\u00e9 produits de fa\u00e7on coll\u00e9giale au sein d&rsquo;un petit groupe d&rsquo;une trentaine de personnes de plusieurs pays de Nord et Sud, formateurs, enseignants et\/ou partenaires associatifs avec une synth\u00e8se r\u00e9alis\u00e9e par&#8230;<\/p>\n<p class=\"read-more\"><a class=\"btn btn-default\" href=\"https:\/\/reunifedd.fr\/index.php\/webtv-odd\/\">Lire la suite<span class=\"screen-reader-text\"> Lire la suite<\/span><\/a><\/p>\n","protected":false},"author":2,"featured_media":0,"parent":0,"menu_order":0,"comment_status":"closed","ping_status":"closed","template":"","meta":{"footnotes":""},"class_list":["post-557","page","type-page","status-publish","hentry"],"_links":{"self":[{"href":"https:\/\/reunifedd.fr\/index.php\/wp-json\/wp\/v2\/pages\/557","targetHints":{"allow":["GET"]}}],"collection":[{"href":"https:\/\/reunifedd.fr\/index.php\/wp-json\/wp\/v2\/pages"}],"about":[{"href":"https:\/\/reunifedd.fr\/index.php\/wp-json\/wp\/v2\/types\/page"}],"author":[{"embeddable":true,"href":"https:\/\/reunifedd.fr\/index.php\/wp-json\/wp\/v2\/users\/2"}],"replies":[{"embeddable":true,"href":"https:\/\/reunifedd.fr\/index.php\/wp-json\/wp\/v2\/comments?post=557"}],"version-history":[{"count":17,"href":"https:\/\/reunifedd.fr\/index.php\/wp-json\/wp\/v2\/pages\/557\/revisions"}],"predecessor-version":[{"id":1167,"href":"https:\/\/reunifedd.fr\/index.php\/wp-json\/wp\/v2\/pages\/557\/revisions\/1167"}],"wp:attachment":[{"href":"https:\/\/reunifedd.fr\/index.php\/wp-json\/wp\/v2\/media?parent=557"}],"curies":[{"name":"wp","href":"https:\/\/api.w.org\/{rel}","templated":true}]}}