{"id":575,"date":"2021-01-02T18:01:49","date_gmt":"2021-01-02T17:01:49","guid":{"rendered":"http:\/\/reunifedd.fr\/?page_id=575"},"modified":"2023-03-06T17:34:32","modified_gmt":"2023-03-06T16:34:32","slug":"colloque-2019","status":"publish","type":"page","link":"https:\/\/reunifedd.fr\/index.php\/colloque-2019\/","title":{"rendered":"Colloque 2019"},"content":{"rendered":"\n<p>Vous trouverez ici tr\u00e8s prochainement le manifeste FECODD qui avait \u00e9t\u00e9 produit \u00e0 l&rsquo;issue du s\u00e9minaire FECODD de 2019 (juste avant le \u00ab\u00a0grand confinement\u00a0\u00bb).<\/p>\n","protected":false},"excerpt":{"rendered":"<p>Vous trouverez ici tr\u00e8s prochainement le manifeste FECODD qui avait \u00e9t\u00e9 produit \u00e0 l&rsquo;issue du s\u00e9minaire FECODD de 2019 (juste avant le \u00ab\u00a0grand confinement\u00a0\u00bb).<\/p>\n","protected":false},"author":2,"featured_media":0,"parent":0,"menu_order":0,"comment_status":"closed","ping_status":"closed","template":"","meta":{"footnotes":""},"class_list":["post-575","page","type-page","status-publish","hentry"],"_links":{"self":[{"href":"https:\/\/reunifedd.fr\/index.php\/wp-json\/wp\/v2\/pages\/575","targetHints":{"allow":["GET"]}}],"collection":[{"href":"https:\/\/reunifedd.fr\/index.php\/wp-json\/wp\/v2\/pages"}],"about":[{"href":"https:\/\/reunifedd.fr\/index.php\/wp-json\/wp\/v2\/types\/page"}],"author":[{"embeddable":true,"href":"https:\/\/reunifedd.fr\/index.php\/wp-json\/wp\/v2\/users\/2"}],"replies":[{"embeddable":true,"href":"https:\/\/reunifedd.fr\/index.php\/wp-json\/wp\/v2\/comments?post=575"}],"version-history":[{"count":2,"href":"https:\/\/reunifedd.fr\/index.php\/wp-json\/wp\/v2\/pages\/575\/revisions"}],"predecessor-version":[{"id":1174,"href":"https:\/\/reunifedd.fr\/index.php\/wp-json\/wp\/v2\/pages\/575\/revisions\/1174"}],"wp:attachment":[{"href":"https:\/\/reunifedd.fr\/index.php\/wp-json\/wp\/v2\/media?parent=575"}],"curies":[{"name":"wp","href":"https:\/\/api.w.org\/{rel}","templated":true}]}}