{"id":604,"date":"2021-01-02T18:13:53","date_gmt":"2021-01-02T17:13:53","guid":{"rendered":"http:\/\/reunifedd.fr\/?page_id=604"},"modified":"2023-09-18T11:09:20","modified_gmt":"2023-09-18T09:09:20","slug":"outils-2","status":"publish","type":"page","link":"https:\/\/reunifedd.fr\/index.php\/outils-2\/","title":{"rendered":"Outils et sc\u00e9narios FECODD"},"content":{"rendered":"\n<p>Dans l&rsquo;attente des productions FECODD issues des nos derni\u00e8res ann\u00e9es de travail, vous trouverez ci dessous un document de r\u00e9f\u00e9rence<\/p>\n\n\n\n<div data-wp-interactive=\"core\/file\" class=\"wp-block-file\"><object data-wp-bind--hidden=\"!state.hasPdfPreview\" hidden class=\"wp-block-file__embed\" data=\"http:\/\/reunifedd.fr\/wp-content\/uploads\/2023\/09\/Metacompetences-indicateurs-et-criteres-DDRS-version-de-Juin-2022.pdf\" type=\"application\/pdf\" style=\"width:100%;height:600px\" aria-label=\"Contenu embarqu\u00e9 Contenu embarqu\u00e9 M\u00e9tacomp\u00e9tences, indicateurs et crit\u00e8res DD&amp;RS version de Juin 2022..\"><\/object><a href=\"http:\/\/reunifedd.fr\/wp-content\/uploads\/2023\/09\/Metacompetences-indicateurs-et-criteres-DDRS-version-de-Juin-2022.pdf\">M\u00e9tacomp\u00e9tences, indicateurs et crit\u00e8res DD&#038;RS version de Juin 2022<\/a><a href=\"http:\/\/reunifedd.fr\/wp-content\/uploads\/2023\/09\/Metacompetences-indicateurs-et-criteres-DDRS-version-de-Juin-2022.pdf\" class=\"wp-block-file__button\" download>T\u00e9l\u00e9charger<\/a><\/div>\n\n\n\n<p><\/p>\n\n\n\n<p><\/p>\n\n\n\n<p><\/p>\n\n\n\n<p><\/p>\n\n\n\n<p><\/p>\n\n\n\n<p><\/p>\n","protected":false},"excerpt":{"rendered":"<p>Dans l&rsquo;attente des productions FECODD issues des nos derni\u00e8res ann\u00e9es de travail, vous trouverez ci dessous un document de r\u00e9f\u00e9rence<\/p>\n","protected":false},"author":2,"featured_media":0,"parent":0,"menu_order":0,"comment_status":"closed","ping_status":"closed","template":"","meta":{"footnotes":""},"class_list":["post-604","page","type-page","status-publish","hentry"],"_links":{"self":[{"href":"https:\/\/reunifedd.fr\/index.php\/wp-json\/wp\/v2\/pages\/604","targetHints":{"allow":["GET"]}}],"collection":[{"href":"https:\/\/reunifedd.fr\/index.php\/wp-json\/wp\/v2\/pages"}],"about":[{"href":"https:\/\/reunifedd.fr\/index.php\/wp-json\/wp\/v2\/types\/page"}],"author":[{"embeddable":true,"href":"https:\/\/reunifedd.fr\/index.php\/wp-json\/wp\/v2\/users\/2"}],"replies":[{"embeddable":true,"href":"https:\/\/reunifedd.fr\/index.php\/wp-json\/wp\/v2\/comments?post=604"}],"version-history":[{"count":6,"href":"https:\/\/reunifedd.fr\/index.php\/wp-json\/wp\/v2\/pages\/604\/revisions"}],"predecessor-version":[{"id":1220,"href":"https:\/\/reunifedd.fr\/index.php\/wp-json\/wp\/v2\/pages\/604\/revisions\/1220"}],"wp:attachment":[{"href":"https:\/\/reunifedd.fr\/index.php\/wp-json\/wp\/v2\/media?parent=604"}],"curies":[{"name":"wp","href":"https:\/\/api.w.org\/{rel}","templated":true}]}}