{"id":626,"date":"2021-01-02T18:20:30","date_gmt":"2021-01-02T17:20:30","guid":{"rendered":"http:\/\/reunifedd.fr\/?page_id=626"},"modified":"2021-04-23T12:13:29","modified_gmt":"2021-04-23T10:13:29","slug":"labellisation-des-projets","status":"publish","type":"page","link":"https:\/\/reunifedd.fr\/index.php\/labellisation-des-projets\/","title":{"rendered":"\u00ab\u00a0Labellisation\u00a0\u00bb des projets"},"content":{"rendered":"\n<p>Face \u00e0 l&rsquo;explosion du nombre de labels, nous avons d\u00e9cid\u00e9 que nous ne produirions pas un label, trop contraignant et qui risquerait par ailleurs de figer les projets FECODD. Nous avons opt\u00e9 pour le d\u00e9p\u00f4t d&rsquo;une marque. Par ailleurs certains documents ou productions font ou feront l&rsquo;objet d&rsquo;un d\u00e9p\u00f4t d&rsquo;une licence cr\u00e9ative commons.<\/p>\n\n\n\n<p>Quels sont les crit\u00e8res propres aux projets FECODD? <\/p>\n\n\n\n<hr class=\"wp-block-separator\"\/>\n\n\n\n<p>1\u00b0 Croisement des Objectifs du D\u00e9veloppement Durable avec les approches comp\u00e9tences.<\/p>\n\n\n\n<p>2\u00b0 Croisement des 17 ODD entre eux  puisque tous sont inter reli\u00e9s.  Il est bien sur possible d&rsquo;entrer par un ODD mais il ne serait pas coh\u00e9rent de rester enferm\u00e9 dans cet ODD sans faire le lien avec les autres ODD. (vision syst\u00e9mique)<\/p>\n\n\n\n<p>3\u00b0 Progresser des 169 cibles strat\u00e9giques et politiques vers les Objectifs P\u00c9DAGOGIQUES du D\u00e9veloppement Durable.<\/p>\n\n\n\n<p>4\u00b0 Mettre en \u0153uvre dans l&rsquo;approche de ces ODD des d\u00e9marches syst\u00e9miques et prospectives,  conduisant \u00e0 de r\u00e9els changements (individuels et collectifs) nous permettant d&rsquo;exercer notre responsabilit\u00e9 dans un cadre \u00e9thique.<\/p>\n\n\n\n<p>5\u00b0 Mettre en \u0153uvre des comp\u00e9tences professionnelles permettant d&rsquo;atteindre les cibles p\u00e9dagogiques pr\u00e9cis\u00e9es dans les OPDD et en aval les cibles op\u00e9rationnelles des ODD.<\/p>\n\n\n\n<p>Il sera pr\u00e9vu plusieurs niveaux d&rsquo;atteinte de ces objectifs.<\/p>\n","protected":false},"excerpt":{"rendered":"<p>Face \u00e0 l&rsquo;explosion du nombre de labels, nous avons d\u00e9cid\u00e9 que nous ne produirions pas un label, trop contraignant et qui risquerait par ailleurs de figer les projets FECODD. Nous avons opt\u00e9 pour le d\u00e9p\u00f4t d&rsquo;une marque. Par ailleurs certains documents ou productions font ou feront l&rsquo;objet d&rsquo;un d\u00e9p\u00f4t d&rsquo;une licence cr\u00e9ative commons. Quels sont les crit\u00e8res propres aux projets FECODD? 1\u00b0 Croisement des Objectifs du D\u00e9veloppement Durable avec les approches comp\u00e9tences. 2\u00b0 Croisement des 17 ODD entre eux puisque&#8230;<\/p>\n<p class=\"read-more\"><a class=\"btn btn-default\" href=\"https:\/\/reunifedd.fr\/index.php\/labellisation-des-projets\/\">Lire la suite<span class=\"screen-reader-text\"> Lire la suite<\/span><\/a><\/p>\n","protected":false},"author":2,"featured_media":0,"parent":0,"menu_order":0,"comment_status":"closed","ping_status":"closed","template":"","meta":{"footnotes":""},"class_list":["post-626","page","type-page","status-publish","hentry"],"_links":{"self":[{"href":"https:\/\/reunifedd.fr\/index.php\/wp-json\/wp\/v2\/pages\/626","targetHints":{"allow":["GET"]}}],"collection":[{"href":"https:\/\/reunifedd.fr\/index.php\/wp-json\/wp\/v2\/pages"}],"about":[{"href":"https:\/\/reunifedd.fr\/index.php\/wp-json\/wp\/v2\/types\/page"}],"author":[{"embeddable":true,"href":"https:\/\/reunifedd.fr\/index.php\/wp-json\/wp\/v2\/users\/2"}],"replies":[{"embeddable":true,"href":"https:\/\/reunifedd.fr\/index.php\/wp-json\/wp\/v2\/comments?post=626"}],"version-history":[{"count":3,"href":"https:\/\/reunifedd.fr\/index.php\/wp-json\/wp\/v2\/pages\/626\/revisions"}],"predecessor-version":[{"id":958,"href":"https:\/\/reunifedd.fr\/index.php\/wp-json\/wp\/v2\/pages\/626\/revisions\/958"}],"wp:attachment":[{"href":"https:\/\/reunifedd.fr\/index.php\/wp-json\/wp\/v2\/media?parent=626"}],"curies":[{"name":"wp","href":"https:\/\/api.w.org\/{rel}","templated":true}]}}