{"id":630,"date":"2021-01-02T18:21:18","date_gmt":"2021-01-02T17:21:18","guid":{"rendered":"http:\/\/reunifedd.fr\/?page_id=630"},"modified":"2026-01-19T11:43:28","modified_gmt":"2026-01-19T10:43:28","slug":"projets-de-recherche","status":"publish","type":"page","link":"https:\/\/reunifedd.fr\/index.php\/projets-de-recherche\/","title":{"rendered":"FREDA"},"content":{"rendered":"\n<h2 class=\"wp-block-heading has-text-align-center\">Formation Recherche Education \u00e0 une Durabilit\u00e9 en Anthropoc\u00e8ne.<\/h2>\n\n\n\n<hr class=\"wp-block-separator has-css-opacity\"\/>\n\n\n\n<p>Le projet FREDA tentera d\u2019analyser la complexit\u00e9, les incertitudes et les vuln\u00e9rabilit\u00e9s actuelles et \u00e0 venir, dans la diversit\u00e9 des contextes francophones et d\u2019y apporter des solutions adapt\u00e9es, contextualis\u00e9es, soci\u00e9talement utiles, efficaces et acceptables (<em>aux \u00e9chelles locales comme globales, sur le temps pr\u00e9sent comme \u00e0 plus longue \u00e9ch\u00e9ance<\/em>). Les recherches\/action\/formation porteront donc sur les curricula, sc\u00e9narios et outils de formation, dans cette diversit\u00e9 de contextes professionnels et sociaux. On s\u2019int\u00e9ressera donc \u00e0 la fois aux personnes qui subissent le plus les crises au Nord comme au Sud, comme \u00e0 celles qui en sont consciemment ou non pour partie responsables \u00e0 leur \u00e9chelle. Le programme s\u2019efforcera de prendre en compte au maximum les pays, groupes ou personnes en rupture, d\u00e9laiss\u00e9s ou se sentant moins ou peu concern\u00e9s par ces questions li\u00e9es \u00e0 l\u2019anthropoc\u00e8ne. Mais elle ne n\u00e9gligera pas l\u2019\u00e9ducation au politique (Barthes, 2024) en direction des citoyens mais tout autant des acteurs \u00e0 fort impact socio-\u00e9conomique. Le programme comportera un donc un volet&nbsp;:<\/p>\n\n\n\n<ul class=\"wp-block-list\">\n<li>Recherche (reposant sur les sciences de la durabilit\u00e9),<\/li>\n\n\n\n<li>Formation (int\u00e9grant \u00e0 la fois des dipl\u00f4mes avec certification ou qualifications et l\u2019acc\u00e8s libre, direct et gratuit au plus grand nombre)<\/li>\n\n\n\n<li>Mise en \u0153uvre concr\u00e8te d\u2019actions de terrain (dans une classe, une fili\u00e8re ou un module d\u2019enseignement dans l\u2019enseignement sup\u00e9rieur, une formation en entreprise ou dans une collectivit\u00e9 territoriale mais aussi \u00e0 des interventions citoyennes correspondant aux r\u00e9alit\u00e9s de terrain et besoins r\u00e9els des personnes\u2026).<\/li>\n\n\n\n<li>NB Ce PROJET est en cours de mise en place. Il remplacera le programme FECODD \u00e0 sa cl\u00f4ture lors du colloque international des 29 et 30 Juin 2026 (voir dans les actualit\u00e9s).<\/li>\n<\/ul>\n\n\n\n<p><\/p>\n","protected":false},"excerpt":{"rendered":"<p>Formation Recherche Education \u00e0 une Durabilit\u00e9 en Anthropoc\u00e8ne. Le projet FREDA tentera d\u2019analyser la complexit\u00e9, les incertitudes et les vuln\u00e9rabilit\u00e9s actuelles et \u00e0 venir, dans la diversit\u00e9 des contextes francophones et d\u2019y apporter des solutions adapt\u00e9es, contextualis\u00e9es, soci\u00e9talement utiles, efficaces et acceptables (aux \u00e9chelles locales comme globales, sur le temps pr\u00e9sent comme \u00e0 plus longue \u00e9ch\u00e9ance). Les recherches\/action\/formation porteront donc sur les curricula, sc\u00e9narios et outils de formation, dans cette diversit\u00e9 de contextes professionnels et sociaux. On s\u2019int\u00e9ressera donc \u00e0&#8230;<\/p>\n<p class=\"read-more\"><a class=\"btn btn-default\" href=\"https:\/\/reunifedd.fr\/index.php\/projets-de-recherche\/\">Lire la suite<span class=\"screen-reader-text\"> Lire la suite<\/span><\/a><\/p>\n","protected":false},"author":4,"featured_media":0,"parent":0,"menu_order":0,"comment_status":"closed","ping_status":"closed","template":"","meta":{"footnotes":""},"class_list":["post-630","page","type-page","status-publish","hentry"],"_links":{"self":[{"href":"https:\/\/reunifedd.fr\/index.php\/wp-json\/wp\/v2\/pages\/630","targetHints":{"allow":["GET"]}}],"collection":[{"href":"https:\/\/reunifedd.fr\/index.php\/wp-json\/wp\/v2\/pages"}],"about":[{"href":"https:\/\/reunifedd.fr\/index.php\/wp-json\/wp\/v2\/types\/page"}],"author":[{"embeddable":true,"href":"https:\/\/reunifedd.fr\/index.php\/wp-json\/wp\/v2\/users\/4"}],"replies":[{"embeddable":true,"href":"https:\/\/reunifedd.fr\/index.php\/wp-json\/wp\/v2\/comments?post=630"}],"version-history":[{"count":5,"href":"https:\/\/reunifedd.fr\/index.php\/wp-json\/wp\/v2\/pages\/630\/revisions"}],"predecessor-version":[{"id":1371,"href":"https:\/\/reunifedd.fr\/index.php\/wp-json\/wp\/v2\/pages\/630\/revisions\/1371"}],"wp:attachment":[{"href":"https:\/\/reunifedd.fr\/index.php\/wp-json\/wp\/v2\/media?parent=630"}],"curies":[{"name":"wp","href":"https:\/\/api.w.org\/{rel}","templated":true}]}}