{"id":634,"date":"2021-01-02T18:21:59","date_gmt":"2021-01-02T17:21:59","guid":{"rendered":"http:\/\/reunifedd.fr\/?page_id=634"},"modified":"2024-10-11T15:08:12","modified_gmt":"2024-10-11T13:08:12","slug":"master-ffedd-sur-yaounde","status":"publish","type":"page","link":"https:\/\/reunifedd.fr\/index.php\/master-ffedd-sur-yaounde\/","title":{"rendered":"Master FFEDD sur Yaound\u00e9"},"content":{"rendered":"\n<p>Temporairement &#8230;en attente du descriptif pr\u00e9cis du master FEDD qui fonctionnera en Novembre 2024 sur les Universit\u00e9s de Yaound\u00e9, Bondoukou et Lubumbashi.<\/p>\n","protected":false},"excerpt":{"rendered":"<p>Temporairement &#8230;en attente du descriptif pr\u00e9cis du master FEDD qui fonctionnera en Novembre 2024 sur les Universit\u00e9s de Yaound\u00e9, Bondoukou et Lubumbashi.<\/p>\n","protected":false},"author":2,"featured_media":0,"parent":0,"menu_order":0,"comment_status":"closed","ping_status":"closed","template":"","meta":{"footnotes":""},"class_list":["post-634","page","type-page","status-publish","hentry"],"_links":{"self":[{"href":"https:\/\/reunifedd.fr\/index.php\/wp-json\/wp\/v2\/pages\/634","targetHints":{"allow":["GET"]}}],"collection":[{"href":"https:\/\/reunifedd.fr\/index.php\/wp-json\/wp\/v2\/pages"}],"about":[{"href":"https:\/\/reunifedd.fr\/index.php\/wp-json\/wp\/v2\/types\/page"}],"author":[{"embeddable":true,"href":"https:\/\/reunifedd.fr\/index.php\/wp-json\/wp\/v2\/users\/2"}],"replies":[{"embeddable":true,"href":"https:\/\/reunifedd.fr\/index.php\/wp-json\/wp\/v2\/comments?post=634"}],"version-history":[{"count":2,"href":"https:\/\/reunifedd.fr\/index.php\/wp-json\/wp\/v2\/pages\/634\/revisions"}],"predecessor-version":[{"id":1231,"href":"https:\/\/reunifedd.fr\/index.php\/wp-json\/wp\/v2\/pages\/634\/revisions\/1231"}],"wp:attachment":[{"href":"https:\/\/reunifedd.fr\/index.php\/wp-json\/wp\/v2\/media?parent=634"}],"curies":[{"name":"wp","href":"https:\/\/api.w.org\/{rel}","templated":true}]}}