{"id":8,"date":"2019-11-19T14:36:00","date_gmt":"2019-11-19T13:36:00","guid":{"rendered":"http:\/\/reunifedd.fr\/?page_id=8"},"modified":"2026-03-26T10:00:40","modified_gmt":"2026-03-26T09:00:40","slug":"actualites","status":"publish","type":"page","link":"https:\/\/reunifedd.fr\/index.php\/actualites\/","title":{"rendered":"Actualit\u00e9s"},"content":{"rendered":"\n<p class=\"has-background\" style=\"background-color:#caebea\">APPEL A COMMUNICATION pour le colloque \u00ab\u00a0Former au monde de demain\u00a0\u00bb le 1er et 2 Juillet 2026.<\/p>\n\n\n\n<ul class=\"wp-block-list\">\n<li><strong>Eduquer \u00e0 la durabilit\u00e9 en anthropoc\u00e8ne. Quelles formations dans la francophonie&nbsp;?<\/strong><\/li>\n\n\n\n<li>Mercredi et jeudi 1 et 2 Juillet 2026 (Clermont Ferrand, FRANCE), Universit\u00e9s de Yaound\u00e9 1 (CAMEROUN), Bondoukou (COTE d\u2019IVOIRE) et Lubumbashi (RDC)<\/li>\n\n\n\n<li>INFORMATIONS CI DESSOUS<\/li>\n<\/ul>\n\n\n\n<p><strong>SOUMISSIONS DES PROPOSITIONS : (intentions de communication en une page)<\/strong><\/p>\n\n\n\n<p><strong>Du 20 Mars 2026 &nbsp;jusqu\u2019au 30 &nbsp;Avril 2026 (date limite de soumission).&nbsp; R\u00e9ponse d\u00e9but Mai.<\/strong><\/p>\n\n\n\n<p>Le d\u00e9p\u00f4t des textes se fera sur le site : <strong>adresse activ\u00e9e d\u00e9but F\u00e9vrier <a href=\"http:\/\/FREDA.sciencesconf.org\">http:\/\/FREDA.sciencesconf.org<\/a><\/strong><\/p>\n\n\n\n<hr class=\"wp-block-separator has-alpha-channel-opacity\"\/>\n\n\n\n<p><strong><em>Coordination globale : <\/em><\/strong><strong><em>Didier Mulnet (Pr\u00e9sident du R\u00e9UniFEDD) <a href=\"mailto:reunifedd@gmail.com\">reunifedd@gmail.com<\/a><\/em><\/strong><\/p>\n\n\n\n<p><\/p>\n\n\n\n<p class=\"has-background\" style=\"background-color:#d1f2e5\">Le R\u00e9UniFEDD se permet par ailleurs de vous informer de la tenue d&rsquo;un colloque organis\u00e9 par le R\u00e9seau europ\u00e9en Copernicus Alliance du 26-28 Aout 2026 \u00e0 l&rsquo;Universit\u00e9 Bordeaux Montaigne, sur le th\u00e8me&nbsp;<strong>\u00ab Impulser l&rsquo;\u00e9ducation transformatrice et d\u00e9colonis\u00e9e pour la durabilit\u00e9 dans un monde globalis\u00e9 \u00bb&nbsp;<\/strong>? Date limite de soumission le 25 Janvier 2026. Toutes les informations sont le site:&nbsp;<a href=\"https:\/\/fr.higher-education-summit.com\/2026\" target=\"_blank\" rel=\"noreferrer noopener\">https:\/\/fr.higher-education-summit.com\/2026<\/a>&nbsp;. L&rsquo;appel \u00e0 contribution est disponible ici (<a href=\"https:\/\/fr.higher-education-summit.com\/call-2026\" target=\"_blank\" rel=\"noreferrer noopener\">https:\/\/fr.higher-education-summit.com\/call-2026<\/a>), et la plateforme de soumission ici (<a href=\"https:\/\/hes2026.sciencesconf.org\/?forward-action=index&amp;forward-controller=index&amp;lang=fr\" target=\"_blank\" rel=\"noreferrer noopener\">https:\/\/hes2026.sciencesconf.org\/?forward-action=index&amp;forward-controller=index&amp;lang=fr<\/a>).<\/p>\n\n\n\n<p>Cet appel sera tr\u00e8s prochainement en ligne, dans sa version d\u00e9finitive .<\/p>\n\n\n\n<p class=\"has-background\" style=\"background-color:#d1f2e5\">SEMINAIRES du R\u00e9UniFEDD: seuls les s\u00e9minaires tr\u00e8s r\u00e9cents seront indiqu\u00e9s ci dessous. Les autres seront r\u00e9f\u00e9renc\u00e9s sur la page S\u00e9minaires.<\/p>\n\n\n\n<p><strong>S\u00e9minaire Responsabilit\u00e9 et m\u00e9ditation.<\/strong> <strong><em>H\u00e9l\u00e8ne Hag\u00e8ge<\/em><\/strong> (Univ. Limoges,Fr) le 18 D\u00e9cembre 2025. <a href=\"https:\/\/youtu.be\/UUbAKUuOjTY\">https:\/\/youtu.be\/UUbAKUuOjTY<\/a><\/p>\n\n\n\n<p><strong>S\u00e9minaire Curriculum et formation des enseignants.<\/strong>  <strong><em>Faouzia Kalali<\/em><\/strong> (Univ.Rouen, Fr), <strong><em>S\u00e9bastien Volla<\/em><\/strong> (Univ Clermont Auvergne, Fr) et <strong><em>Jean Strajnic<\/em><\/strong> (Rectorat Marseille, Fr). le 15 D\u00e9cembre 2026 .<a href=\"https:\/\/youtu.be\/qeSM7iKuM3c\">https:\/\/youtu.be\/qeSM7iKuM3c<\/a><\/p>\n\n\n\n<p>Prochain s\u00e9minaire ouvert le jeudi 22 Janvier 2026 entre 17h et 19h. Pr\u00e9sentation des cadres th\u00e9oriques et m\u00e9thodologiques (m\u00e9moire de master FEDD par S\u00e9bastien Volla) et de ses travaux de th\u00e8se par Irissa Sinar\u00e9 (Intelligence territoriale). <a href=\"https:\/\/us06web.zoom.us\/j\/89341863605?pwd=OVltU3ZuWWRDOUFiMVl1dUF2dENodz09\">https:\/\/us06web.zoom.us\/j\/89341863605?pwd=OVltU3ZuWWRDOUFiMVl1dUF2dENodz09<\/a><\/p>\n\n\n\n<p><em>Le site \u00e9tant en profond remaniement, veuillez attendre la d\u00e9but Avril 2026 pour consulter les rubrique<\/em>s actualis\u00e9es indiqu\u00e9es en lien sur ce site. Merci<\/p>\n\n\n\n<div data-wp-interactive=\"core\/file\" class=\"wp-block-file\"><object data-wp-bind--hidden=\"!state.hasPdfPreview\" hidden class=\"wp-block-file__embed\" data=\"https:\/\/reunifedd.fr\/wp-content\/uploads\/2026\/03\/Manifeste-ReUniFEDD-2024.pdf\" type=\"application\/pdf\" style=\"width:100%;height:600px\" aria-label=\"Contenu embarqu\u00e9 Manifeste R\u00e9UniFEDD 2024.\"><\/object><a id=\"wp-block-file--media-25513fca-e114-4324-869c-b286d77d9b58\" href=\"https:\/\/reunifedd.fr\/wp-content\/uploads\/2026\/03\/Manifeste-ReUniFEDD-2024.pdf\">Manifeste R\u00e9UniFEDD 2024<\/a><a href=\"https:\/\/reunifedd.fr\/wp-content\/uploads\/2026\/03\/Manifeste-ReUniFEDD-2024.pdf\" class=\"wp-block-file__button wp-element-button\" download aria-describedby=\"wp-block-file--media-25513fca-e114-4324-869c-b286d77d9b58\">T\u00e9l\u00e9charger<\/a><\/div>\n\n\n\n<p>Manifeste Former au monde de demain 2024 (R\u00e9UniFEDD).<\/p>\n\n\n\n<p class=\"has-vivid-cyan-blue-color has-text-color\"><em>Vous \u00eates invit\u00e9s \u00e0 faire des propositions au R\u00e9UniFEDD en terme de projets, formation ou recherche.<\/em> <strong><em><a href=\"mailto:reunifedd@gmail.com\">reunifedd@gmail.com<\/a><\/em><\/strong> L&rsquo;actualit\u00e9 sera pr\u00e9sent\u00e9e mois par mois.<\/p>\n\n\n\n<div data-wp-interactive=\"core\/file\" class=\"wp-block-file\"><object data-wp-bind--hidden=\"!state.hasPdfPreview\" hidden class=\"wp-block-file__embed\" data=\"https:\/\/reunifedd.fr\/wp-content\/uploads\/2026\/03\/Metacompetences-indicateurs-et-criteres-DDRS-version-de-Juin-2022.pdf\" type=\"application\/pdf\" style=\"width:100%;height:600px\" aria-label=\"Contenu embarqu\u00e9 M\u00e9tacomp\u00e9tences, indicateurs  et crit\u00e8res DD&amp;RS version  de Juin 2022.\"><\/object><a id=\"wp-block-file--media-d9ee7bd5-d610-4fe8-b919-f31d210cd241\" href=\"https:\/\/reunifedd.fr\/wp-content\/uploads\/2026\/03\/Metacompetences-indicateurs-et-criteres-DDRS-version-de-Juin-2022.pdf\">M\u00e9tacomp\u00e9tences, indicateurs  et crit\u00e8res DD&#038;RS version  de Juin 2022<\/a><a href=\"https:\/\/reunifedd.fr\/wp-content\/uploads\/2026\/03\/Metacompetences-indicateurs-et-criteres-DDRS-version-de-Juin-2022.pdf\" class=\"wp-block-file__button wp-element-button\" download aria-describedby=\"wp-block-file--media-d9ee7bd5-d610-4fe8-b919-f31d210cd241\">T\u00e9l\u00e9charger<\/a><\/div>\n","protected":false},"excerpt":{"rendered":"<p>APPEL A COMMUNICATION pour le colloque \u00ab\u00a0Former au monde de demain\u00a0\u00bb le 1er et 2 Juillet 2026. SOUMISSIONS DES PROPOSITIONS : (intentions de communication en une page) Du 20 Mars 2026 &nbsp;jusqu\u2019au 30 &nbsp;Avril 2026 (date limite de soumission).&nbsp; R\u00e9ponse d\u00e9but Mai. Le d\u00e9p\u00f4t des textes se fera sur le site : adresse activ\u00e9e d\u00e9but F\u00e9vrier http:\/\/FREDA.sciencesconf.org Coordination globale : Didier Mulnet (Pr\u00e9sident du R\u00e9UniFEDD) reunifedd@gmail.com Le R\u00e9UniFEDD se permet par ailleurs de vous informer de la tenue d&rsquo;un colloque&#8230;<\/p>\n<p class=\"read-more\"><a class=\"btn btn-default\" href=\"https:\/\/reunifedd.fr\/index.php\/actualites\/\">Lire la suite<span class=\"screen-reader-text\"> Lire la suite<\/span><\/a><\/p>\n","protected":false},"author":1,"featured_media":0,"parent":0,"menu_order":0,"comment_status":"closed","ping_status":"closed","template":"","meta":{"footnotes":""},"class_list":["post-8","page","type-page","status-publish","hentry"],"_links":{"self":[{"href":"https:\/\/reunifedd.fr\/index.php\/wp-json\/wp\/v2\/pages\/8","targetHints":{"allow":["GET"]}}],"collection":[{"href":"https:\/\/reunifedd.fr\/index.php\/wp-json\/wp\/v2\/pages"}],"about":[{"href":"https:\/\/reunifedd.fr\/index.php\/wp-json\/wp\/v2\/types\/page"}],"author":[{"embeddable":true,"href":"https:\/\/reunifedd.fr\/index.php\/wp-json\/wp\/v2\/users\/1"}],"replies":[{"embeddable":true,"href":"https:\/\/reunifedd.fr\/index.php\/wp-json\/wp\/v2\/comments?post=8"}],"version-history":[{"count":29,"href":"https:\/\/reunifedd.fr\/index.php\/wp-json\/wp\/v2\/pages\/8\/revisions"}],"predecessor-version":[{"id":1399,"href":"https:\/\/reunifedd.fr\/index.php\/wp-json\/wp\/v2\/pages\/8\/revisions\/1399"}],"wp:attachment":[{"href":"https:\/\/reunifedd.fr\/index.php\/wp-json\/wp\/v2\/media?parent=8"}],"curies":[{"name":"wp","href":"https:\/\/api.w.org\/{rel}","templated":true}]}}